{"id":470,"date":"2025-09-16T11:44:46","date_gmt":"2025-09-16T09:44:46","guid":{"rendered":"https:\/\/tangerfashionweek.com\/?page_id=470"},"modified":"2025-09-16T11:48:18","modified_gmt":"2025-09-16T09:48:18","slug":"participer-a-la-tfw","status":"publish","type":"page","link":"https:\/\/tangerfashionweek.com\/index.php\/participer-a-la-tfw\/","title":{"rendered":"Participer a la TFW"},"content":{"rendered":"\t\t<div data-elementor-type=\"wp-page\" data-elementor-id=\"470\" class=\"elementor elementor-470\">\n\t\t\t\t\t\t<section class=\"elementor-section elementor-top-section elementor-element elementor-element-6241d73 elementor-section-content-middle elementor-section-full_width elementor-section-height-default elementor-section-height-default\" data-id=\"6241d73\" data-element_type=\"section\" data-settings=\"{&quot;background_background&quot;:&quot;classic&quot;}\">\n\t\t\t\t\t\t<div class=\"elementor-container elementor-column-gap-no\">\n\t\t\t\t\t<div class=\"elementor-column elementor-col-100 elementor-top-column elementor-element elementor-element-43c2f04\" data-id=\"43c2f04\" data-element_type=\"column\">\n\t\t\t<div class=\"elementor-widget-wrap elementor-element-populated\">\n\t\t\t\t\t\t<div class=\"elementor-element elementor-element-a1ab930 elementor-widget elementor-widget-heading\" data-id=\"a1ab930\" data-element_type=\"widget\" data-widget_type=\"heading.default\">\n\t\t\t\t<div class=\"elementor-widget-container\">\n\t\t\t\t\t<p class=\"elementor-heading-title elementor-size-default\">Participer \u00e0 la Tanger Fashion Week<\/p>\t\t\t\t<\/div>\n\t\t\t\t<\/div>\n\t\t\t\t<div class=\"elementor-element elementor-element-870d18c elementor-widget-divider--view-line elementor-widget elementor-widget-divider\" data-id=\"870d18c\" data-element_type=\"widget\" data-widget_type=\"divider.default\">\n\t\t\t\t<div class=\"elementor-widget-container\">\n\t\t\t\t\t\t\t<div class=\"elementor-divider\">\n\t\t\t<span class=\"elementor-divider-separator\">\n\t\t\t\t\t\t<\/span>\n\t\t<\/div>\n\t\t\t\t\t\t<\/div>\n\t\t\t\t<\/div>\n\t\t\t\t\t<\/div>\n\t\t<\/div>\n\t\t\t\t\t<\/div>\n\t\t<\/section>\n\t\t\t\t<section class=\"elementor-section elementor-top-section elementor-element elementor-element-0xiwu4a elementor-section-content-middle elementor-section-full_width elementor-section-height-default elementor-section-height-default\" data-id=\"0xiwu4a\" data-element_type=\"section\" data-settings=\"{&quot;background_background&quot;:&quot;classic&quot;}\">\n\t\t\t\t\t\t<div class=\"elementor-container elementor-column-gap-wide\">\n\t\t\t\t\t<div class=\"elementor-column elementor-col-50 elementor-top-column elementor-element elementor-element-fc55efe\" data-id=\"fc55efe\" data-element_type=\"column\">\n\t\t\t<div class=\"elementor-widget-wrap elementor-element-populated\">\n\t\t\t\t\t\t<div class=\"elementor-element elementor-element-f07ba44 elementor-widget elementor-widget-heading\" data-id=\"f07ba44\" data-element_type=\"widget\" data-widget_type=\"heading.default\">\n\t\t\t\t<div class=\"elementor-widget-container\">\n\t\t\t\t\t<h1 class=\"elementor-heading-title elementor-size-default\">Une vitrine strat\u00e9gique pour les cr\u00e9ateurs de mode \u00e9mergents<\/h1>\t\t\t\t<\/div>\n\t\t\t\t<\/div>\n\t\t\t\t<div class=\"elementor-element elementor-element-a336775 elementor-widget elementor-widget-text-editor\" data-id=\"a336775\" data-element_type=\"widget\" data-widget_type=\"text-editor.default\">\n\t\t\t\t<div class=\"elementor-widget-container\">\n\t\t\t\t\t\t\t\t\t<p><span style=\"font-weight: 400;\">La Tanger Fashion Week est bien plus qu\u2019un \u00e9v\u00e9nement : c\u2019est un v\u00e9ritable tremplin pour les cr\u00e9ateurs de mode d\u00e9sireux de faire rayonner leur univers sur la sc\u00e8ne internationale. Pens\u00e9e comme une plateforme d\u2019expression pour les designers \u00e9mergents et confirm\u00e9s, elle met en lumi\u00e8re l\u2019innovation, la singularit\u00e9 et l\u2019excellence des savoir-faire orientaux. En participant \u00e0 la TFW, les cr\u00e9ateurs b\u00e9n\u00e9ficient d\u2019une visibilit\u00e9 m\u00e9diatique de qualit\u00e9, tout en inscrivant leur travail dans une d\u00e9marche artistique porteuse de sens et de reconnaissance.<\/span><\/p><p><span style=\"font-weight: 400;\">En int\u00e9grant la Tanger Fashion Week, les marques et designers acc\u00e8dent \u00e0 un \u00e9cosyst\u00e8me dynamique r\u00e9unissant des acteurs cl\u00e9s du monde de la mode, du luxe, de l\u2019artisanat et des m\u00e9dias. L\u2019\u00e9v\u00e9nement favorise les \u00e9changes entre cr\u00e9ateurs, maisons de luxe, investisseurs, leaders d\u2019opinion et institutions, g\u00e9n\u00e9rant ainsi des opportunit\u00e9s concr\u00e8tes de collaboration, de d\u00e9veloppement commercial et de croissance \u00e0 long terme. La TFW agit comme un pont entre les cultures, une passerelle entre tradition et innovation.<\/span><\/p>\t\t\t\t\t\t\t\t<\/div>\n\t\t\t\t<\/div>\n\t\t\t\t\t<\/div>\n\t\t<\/div>\n\t\t\t\t<div class=\"elementor-column elementor-col-50 elementor-top-column elementor-element elementor-element-27a2e6f\" data-id=\"27a2e6f\" data-element_type=\"column\">\n\t\t\t<div class=\"elementor-widget-wrap elementor-element-populated\">\n\t\t\t\t\t\t<div class=\"elementor-element elementor-element-2d03d06 elementor-widget-mobile__width-inherit elementor-widget elementor-widget-image\" data-id=\"2d03d06\" data-element_type=\"widget\" data-widget_type=\"image.default\">\n\t\t\t\t<div class=\"elementor-widget-container\">\n\t\t\t\t\t\t\t\t\t\t\t\t\t\t\t<img fetchpriority=\"high\" decoding=\"async\" width=\"768\" height=\"512\" src=\"https:\/\/tangerfashionweek.com\/wp-content\/uploads\/2025\/09\/Backstage-Accademia-Di-Moda-Nazareth-Tanger-Fashion-Week-2025-768x512.jpg\" class=\"attachment-medium_large size-medium_large wp-image-475\" alt=\"\" srcset=\"https:\/\/tangerfashionweek.com\/wp-content\/uploads\/2025\/09\/Backstage-Accademia-Di-Moda-Nazareth-Tanger-Fashion-Week-2025-768x512.jpg 768w, https:\/\/tangerfashionweek.com\/wp-content\/uploads\/2025\/09\/Backstage-Accademia-Di-Moda-Nazareth-Tanger-Fashion-Week-2025-300x200.jpg 300w, https:\/\/tangerfashionweek.com\/wp-content\/uploads\/2025\/09\/Backstage-Accademia-Di-Moda-Nazareth-Tanger-Fashion-Week-2025-1024x683.jpg 1024w, https:\/\/tangerfashionweek.com\/wp-content\/uploads\/2025\/09\/Backstage-Accademia-Di-Moda-Nazareth-Tanger-Fashion-Week-2025-1536x1024.jpg 1536w, https:\/\/tangerfashionweek.com\/wp-content\/uploads\/2025\/09\/Backstage-Accademia-Di-Moda-Nazareth-Tanger-Fashion-Week-2025-2048x1365.jpg 2048w\" sizes=\"(max-width: 768px) 100vw, 768px\" \/>\t\t\t\t\t\t\t\t\t\t\t\t\t\t\t<\/div>\n\t\t\t\t<\/div>\n\t\t\t\t\t<\/div>\n\t\t<\/div>\n\t\t\t\t\t<\/div>\n\t\t<\/section>\n\t\t\t\t<section class=\"elementor-section elementor-top-section elementor-element elementor-element-8abcf99 elementor-section-content-middle elementor-section-full_width elementor-section-height-default elementor-section-height-default\" data-id=\"8abcf99\" data-element_type=\"section\" data-settings=\"{&quot;background_background&quot;:&quot;classic&quot;}\">\n\t\t\t\t\t\t<div class=\"elementor-container elementor-column-gap-wide\">\n\t\t\t\t\t<div class=\"elementor-column elementor-col-100 elementor-top-column elementor-element elementor-element-4d48615\" data-id=\"4d48615\" data-element_type=\"column\">\n\t\t\t<div class=\"elementor-widget-wrap elementor-element-populated\">\n\t\t\t\t\t\t<div class=\"elementor-element elementor-element-7adad86 elementor-widget elementor-widget-heading\" data-id=\"7adad86\" data-element_type=\"widget\" data-widget_type=\"heading.default\">\n\t\t\t\t<div class=\"elementor-widget-container\">\n\t\t\t\t\t<p class=\"elementor-heading-title elementor-size-default\">Notre collaboration<\/p>\t\t\t\t<\/div>\n\t\t\t\t<\/div>\n\t\t\t\t<div class=\"elementor-element elementor-element-50a030c elementor-widget-divider--view-line elementor-widget elementor-widget-divider\" data-id=\"50a030c\" data-element_type=\"widget\" data-widget_type=\"divider.default\">\n\t\t\t\t<div class=\"elementor-widget-container\">\n\t\t\t\t\t\t\t<div class=\"elementor-divider\">\n\t\t\t<span class=\"elementor-divider-separator\">\n\t\t\t\t\t\t<\/span>\n\t\t<\/div>\n\t\t\t\t\t\t<\/div>\n\t\t\t\t<\/div>\n\t\t\t\t\t<\/div>\n\t\t<\/div>\n\t\t\t\t\t<\/div>\n\t\t<\/section>\n\t\t\t\t<section class=\"elementor-section elementor-top-section elementor-element elementor-element-648b5eb elementor-section-content-middle elementor-section-full_width elementor-section-height-default elementor-section-height-default\" data-id=\"648b5eb\" data-element_type=\"section\" data-settings=\"{&quot;background_background&quot;:&quot;classic&quot;}\">\n\t\t\t\t\t\t<div class=\"elementor-container elementor-column-gap-wide\">\n\t\t\t\t\t<div class=\"elementor-column elementor-col-33 elementor-top-column elementor-element elementor-element-29375a5\" data-id=\"29375a5\" data-element_type=\"column\">\n\t\t\t<div class=\"elementor-widget-wrap elementor-element-populated\">\n\t\t\t\t\t\t<div class=\"elementor-element elementor-element-d7b9533 elementor-widget elementor-widget-heading\" data-id=\"d7b9533\" data-element_type=\"widget\" data-widget_type=\"heading.default\">\n\t\t\t\t<div class=\"elementor-widget-container\">\n\t\t\t\t\t<h2 class=\"elementor-heading-title elementor-size-default\">Un accompagnement sur mesure<\/h2>\t\t\t\t<\/div>\n\t\t\t\t<\/div>\n\t\t\t\t<div class=\"elementor-element elementor-element-e531b7f elementor-widget elementor-widget-text-editor\" data-id=\"e531b7f\" data-element_type=\"widget\" data-widget_type=\"text-editor.default\">\n\t\t\t\t<div class=\"elementor-widget-container\">\n\t\t\t\t\t\t\t\t\t<p><span style=\"font-weight: 400;\">Nos \u00e9quipes accompagnent chaque designer s\u00e9lectionn\u00e9 \u00e0 chaque \u00e9tape de sa participation, de la pr\u00e9paration de la collection \u00e0 sa mise en valeur lors de l\u2019\u00e9v\u00e9nement. Cet accompagnement vise \u00e0 optimiser leur pr\u00e9sence et leur impact, tout en leur offrant un cadre professionnel, structur\u00e9 et bienveillant.<\/span><\/p>\t\t\t\t\t\t\t\t<\/div>\n\t\t\t\t<\/div>\n\t\t\t\t\t<\/div>\n\t\t<\/div>\n\t\t\t\t<div class=\"elementor-column elementor-col-33 elementor-top-column elementor-element elementor-element-1b572c9\" data-id=\"1b572c9\" data-element_type=\"column\">\n\t\t\t<div class=\"elementor-widget-wrap elementor-element-populated\">\n\t\t\t\t\t\t<div class=\"elementor-element elementor-element-d6b0505 elementor-widget elementor-widget-image\" data-id=\"d6b0505\" data-element_type=\"widget\" data-widget_type=\"image.default\">\n\t\t\t\t<div class=\"elementor-widget-container\">\n\t\t\t\t\t\t\t\t\t\t\t\t\t\t\t<img decoding=\"async\" width=\"683\" height=\"1024\" src=\"https:\/\/tangerfashionweek.com\/wp-content\/uploads\/2025\/09\/Backstage-Renata-Haute-Couture-Caftan-Dore-et-Vert-Tanger-Fashion-Week-2025-683x1024.jpg\" class=\"attachment-large size-large wp-image-474\" alt=\"\" srcset=\"https:\/\/tangerfashionweek.com\/wp-content\/uploads\/2025\/09\/Backstage-Renata-Haute-Couture-Caftan-Dore-et-Vert-Tanger-Fashion-Week-2025-683x1024.jpg 683w, https:\/\/tangerfashionweek.com\/wp-content\/uploads\/2025\/09\/Backstage-Renata-Haute-Couture-Caftan-Dore-et-Vert-Tanger-Fashion-Week-2025-200x300.jpg 200w, https:\/\/tangerfashionweek.com\/wp-content\/uploads\/2025\/09\/Backstage-Renata-Haute-Couture-Caftan-Dore-et-Vert-Tanger-Fashion-Week-2025-768x1152.jpg 768w, https:\/\/tangerfashionweek.com\/wp-content\/uploads\/2025\/09\/Backstage-Renata-Haute-Couture-Caftan-Dore-et-Vert-Tanger-Fashion-Week-2025-1024x1536.jpg 1024w, https:\/\/tangerfashionweek.com\/wp-content\/uploads\/2025\/09\/Backstage-Renata-Haute-Couture-Caftan-Dore-et-Vert-Tanger-Fashion-Week-2025-1365x2048.jpg 1365w, https:\/\/tangerfashionweek.com\/wp-content\/uploads\/2025\/09\/Backstage-Renata-Haute-Couture-Caftan-Dore-et-Vert-Tanger-Fashion-Week-2025-scaled.jpg 1707w\" sizes=\"(max-width: 683px) 100vw, 683px\" \/>\t\t\t\t\t\t\t\t\t\t\t\t\t\t\t<\/div>\n\t\t\t\t<\/div>\n\t\t\t\t\t<\/div>\n\t\t<\/div>\n\t\t\t\t<div class=\"elementor-column elementor-col-33 elementor-top-column elementor-element elementor-element-c82c720\" data-id=\"c82c720\" data-element_type=\"column\">\n\t\t\t<div class=\"elementor-widget-wrap elementor-element-populated\">\n\t\t\t\t\t\t<div class=\"elementor-element elementor-element-6873b6e elementor-widget elementor-widget-image\" data-id=\"6873b6e\" data-element_type=\"widget\" data-widget_type=\"image.default\">\n\t\t\t\t<div class=\"elementor-widget-container\">\n\t\t\t\t\t\t\t\t\t\t\t\t\t\t\t<img decoding=\"async\" width=\"683\" height=\"1024\" src=\"https:\/\/tangerfashionweek.com\/wp-content\/uploads\/2025\/09\/Backstage-Zineb-Hazim-Tanger-Fashion-Week-2025-683x1024.jpg\" class=\"attachment-large size-large wp-image-473\" alt=\"\" srcset=\"https:\/\/tangerfashionweek.com\/wp-content\/uploads\/2025\/09\/Backstage-Zineb-Hazim-Tanger-Fashion-Week-2025-683x1024.jpg 683w, https:\/\/tangerfashionweek.com\/wp-content\/uploads\/2025\/09\/Backstage-Zineb-Hazim-Tanger-Fashion-Week-2025-200x300.jpg 200w, https:\/\/tangerfashionweek.com\/wp-content\/uploads\/2025\/09\/Backstage-Zineb-Hazim-Tanger-Fashion-Week-2025-768x1152.jpg 768w, https:\/\/tangerfashionweek.com\/wp-content\/uploads\/2025\/09\/Backstage-Zineb-Hazim-Tanger-Fashion-Week-2025-1024x1536.jpg 1024w, https:\/\/tangerfashionweek.com\/wp-content\/uploads\/2025\/09\/Backstage-Zineb-Hazim-Tanger-Fashion-Week-2025-1365x2048.jpg 1365w, https:\/\/tangerfashionweek.com\/wp-content\/uploads\/2025\/09\/Backstage-Zineb-Hazim-Tanger-Fashion-Week-2025-scaled.jpg 1707w\" sizes=\"(max-width: 683px) 100vw, 683px\" \/>\t\t\t\t\t\t\t\t\t\t\t\t\t\t\t<\/div>\n\t\t\t\t<\/div>\n\t\t\t\t\t<\/div>\n\t\t<\/div>\n\t\t\t\t\t<\/div>\n\t\t<\/section>\n\t\t\t\t<section class=\"elementor-section elementor-top-section elementor-element elementor-element-rwyn6sw elementor-section-content-middle elementor-section-height-full elementor-section-boxed elementor-section-height-default elementor-section-items-middle\" data-id=\"rwyn6sw\" data-element_type=\"section\" data-settings=\"{&quot;background_background&quot;:&quot;classic&quot;}\">\n\t\t\t\t\t\t\t<div class=\"elementor-background-overlay\"><\/div>\n\t\t\t\t\t\t\t<div class=\"elementor-container elementor-column-gap-no\">\n\t\t\t\t\t<div class=\"elementor-column elementor-col-100 elementor-top-column elementor-element elementor-element-ae5748a\" data-id=\"ae5748a\" data-element_type=\"column\">\n\t\t\t<div class=\"elementor-widget-wrap elementor-element-populated\">\n\t\t\t\t\t\t<div class=\"elementor-element elementor-element-0d08f75 elementor-widget elementor-widget-heading\" data-id=\"0d08f75\" data-element_type=\"widget\" data-widget_type=\"heading.default\">\n\t\t\t\t<div class=\"elementor-widget-container\">\n\t\t\t\t\t<h2 class=\"elementor-heading-title elementor-size-default\">Rejoindre l'aventure<\/h2>\t\t\t\t<\/div>\n\t\t\t\t<\/div>\n\t\t\t\t<div class=\"elementor-element elementor-element-fe0145e elementor-widget elementor-widget-text-editor\" data-id=\"fe0145e\" data-element_type=\"widget\" data-widget_type=\"text-editor.default\">\n\t\t\t\t<div class=\"elementor-widget-container\">\n\t\t\t\t\t\t\t\t\t<p><span style=\"font-weight: 400;\">Vous \u00eates cr\u00e9ateur de mode ou repr\u00e9sentant d&rsquo;une marque et souhaitez int\u00e9grer la prochaine \u00e9dition de la Tanger Fashion Week ?<\/span><\/p><p><span style=\"font-weight: 400;\">Envoyez un e-mail \u00e0 tangerfashionweek@gmail.com en pr\u00e9sentant votre univers, votre parcours, des visuels de vos collections, ainsi que les informations cl\u00e9s sur votre marque.<\/span><\/p><p><span style=\"font-weight: 400;\">Notre \u00e9quipe \u00e9tudiera chaque candidature avec attention et reviendra vers vous dans les meilleurs d\u00e9lais.<\/span><\/p>\t\t\t\t\t\t\t\t<\/div>\n\t\t\t\t<\/div>\n\t\t\t\t\t<\/div>\n\t\t<\/div>\n\t\t\t\t\t<\/div>\n\t\t<\/section>\n\t\t\t\t<\/div>\n\t\t","protected":false},"excerpt":{"rendered":"<p>Participer \u00e0 la Tanger Fashion Week Une vitrine strat\u00e9gique pour les cr\u00e9ateurs de mode \u00e9mergents La Tanger Fashion Week est [&hellip;]<\/p>\n","protected":false},"author":1,"featured_media":0,"parent":0,"menu_order":0,"comment_status":"closed","ping_status":"closed","template":"elementor_header_footer","meta":{"site-sidebar-layout":"no-sidebar","site-content-layout":"","ast-site-content-layout":"full-width-container","site-content-style":"default","site-sidebar-style":"default","ast-global-header-display":"","ast-banner-title-visibility":"","ast-main-header-display":"","ast-hfb-above-header-display":"","ast-hfb-below-header-display":"","ast-hfb-mobile-header-display":"","site-post-title":"disabled","ast-breadcrumbs-content":"","ast-featured-img":"disabled","footer-sml-layout":"","theme-transparent-header-meta":"","adv-header-id-meta":"","stick-header-meta":"","header-above-stick-meta":"","header-main-stick-meta":"","header-below-stick-meta":"","astra-migrate-meta-layouts":"default","ast-page-background-enabled":"default","ast-page-background-meta":{"desktop":{"background-color":"var(--ast-global-color-5)","background-image":"","background-repeat":"repeat","background-position":"center center","background-size":"auto","background-attachment":"scroll","background-type":"","background-media":"","overlay-type":"","overlay-color":"","overlay-opacity":"","overlay-gradient":""},"tablet":{"background-color":"","background-image":"","background-repeat":"repeat","background-position":"center center","background-size":"auto","background-attachment":"scroll","background-type":"","background-media":"","overlay-type":"","overlay-color":"","overlay-opacity":"","overlay-gradient":""},"mobile":{"background-color":"","background-image":"","background-repeat":"repeat","background-position":"center center","background-size":"auto","background-attachment":"scroll","background-type":"","background-media":"","overlay-type":"","overlay-color":"","overlay-opacity":"","overlay-gradient":""}},"ast-content-background-meta":{"desktop":{"background-color":"var(--ast-global-color-4)","background-image":"","background-repeat":"repeat","background-position":"center center","background-size":"auto","background-attachment":"scroll","background-type":"","background-media":"","overlay-type":"","overlay-color":"","overlay-opacity":"","overlay-gradient":""},"tablet":{"background-color":"var(--ast-global-color-4)","background-image":"","background-repeat":"repeat","background-position":"center center","background-size":"auto","background-attachment":"scroll","background-type":"","background-media":"","overlay-type":"","overlay-color":"","overlay-opacity":"","overlay-gradient":""},"mobile":{"background-color":"var(--ast-global-color-4)","background-image":"","background-repeat":"repeat","background-position":"center center","background-size":"auto","background-attachment":"scroll","background-type":"","background-media":"","overlay-type":"","overlay-color":"","overlay-opacity":"","overlay-gradient":""}},"footnotes":""},"class_list":["post-470","page","type-page","status-publish","hentry"],"yoast_head":"<!-- This site is optimized with the Yoast SEO plugin v26.0 - https:\/\/yoast.com\/wordpress\/plugins\/seo\/ -->\n<title>Participer a la TFW -<\/title>\n<meta name=\"robots\" content=\"index, follow, max-snippet:-1, max-image-preview:large, max-video-preview:-1\" \/>\n<link rel=\"canonical\" href=\"https:\/\/tangerfashionweek.com\/index.php\/participer-a-la-tfw\/\" \/>\n<meta property=\"og:locale\" content=\"fr_FR\" \/>\n<meta property=\"og:type\" content=\"article\" \/>\n<meta property=\"og:title\" content=\"Participer a la TFW -\" \/>\n<meta property=\"og:description\" content=\"Participer \u00e0 la Tanger Fashion Week Une vitrine strat\u00e9gique pour les cr\u00e9ateurs de mode \u00e9mergents La Tanger Fashion Week est [&hellip;]\" \/>\n<meta property=\"og:url\" content=\"https:\/\/tangerfashionweek.com\/index.php\/participer-a-la-tfw\/\" \/>\n<meta property=\"article:modified_time\" content=\"2025-09-16T09:48:18+00:00\" \/>\n<meta property=\"og:image\" content=\"https:\/\/tangerfashionweek.com\/wp-content\/uploads\/2025\/09\/Backstage-Accademia-Di-Moda-Nazareth-Tanger-Fashion-Week-2025-scaled.jpg\" \/>\n\t<meta property=\"og:image:width\" content=\"2560\" \/>\n\t<meta property=\"og:image:height\" content=\"1707\" \/>\n\t<meta property=\"og:image:type\" content=\"image\/jpeg\" \/>\n<meta name=\"twitter:card\" content=\"summary_large_image\" \/>\n<meta name=\"twitter:label1\" content=\"Dur\u00e9e de lecture estim\u00e9e\" \/>\n\t<meta name=\"twitter:data1\" content=\"3 minutes\" \/>\n<script type=\"application\/ld+json\" class=\"yoast-schema-graph\">{\"@context\":\"https:\/\/schema.org\",\"@graph\":[{\"@type\":\"WebPage\",\"@id\":\"https:\/\/tangerfashionweek.com\/index.php\/participer-a-la-tfw\/\",\"url\":\"https:\/\/tangerfashionweek.com\/index.php\/participer-a-la-tfw\/\",\"name\":\"Participer a la TFW -\",\"isPartOf\":{\"@id\":\"https:\/\/tangerfashionweek.com\/#website\"},\"primaryImageOfPage\":{\"@id\":\"https:\/\/tangerfashionweek.com\/index.php\/participer-a-la-tfw\/#primaryimage\"},\"image\":{\"@id\":\"https:\/\/tangerfashionweek.com\/index.php\/participer-a-la-tfw\/#primaryimage\"},\"thumbnailUrl\":\"https:\/\/tangerfashionweek.com\/wp-content\/uploads\/2025\/09\/Backstage-Accademia-Di-Moda-Nazareth-Tanger-Fashion-Week-2025-768x512.jpg\",\"datePublished\":\"2025-09-16T09:44:46+00:00\",\"dateModified\":\"2025-09-16T09:48:18+00:00\",\"breadcrumb\":{\"@id\":\"https:\/\/tangerfashionweek.com\/index.php\/participer-a-la-tfw\/#breadcrumb\"},\"inLanguage\":\"fr-FR\",\"potentialAction\":[{\"@type\":\"ReadAction\",\"target\":[\"https:\/\/tangerfashionweek.com\/index.php\/participer-a-la-tfw\/\"]}]},{\"@type\":\"ImageObject\",\"inLanguage\":\"fr-FR\",\"@id\":\"https:\/\/tangerfashionweek.com\/index.php\/participer-a-la-tfw\/#primaryimage\",\"url\":\"https:\/\/tangerfashionweek.com\/wp-content\/uploads\/2025\/09\/Backstage-Accademia-Di-Moda-Nazareth-Tanger-Fashion-Week-2025-scaled.jpg\",\"contentUrl\":\"https:\/\/tangerfashionweek.com\/wp-content\/uploads\/2025\/09\/Backstage-Accademia-Di-Moda-Nazareth-Tanger-Fashion-Week-2025-scaled.jpg\",\"width\":2560,\"height\":1707},{\"@type\":\"BreadcrumbList\",\"@id\":\"https:\/\/tangerfashionweek.com\/index.php\/participer-a-la-tfw\/#breadcrumb\",\"itemListElement\":[{\"@type\":\"ListItem\",\"position\":1,\"name\":\"Accueil\",\"item\":\"https:\/\/tangerfashionweek.com\/\"},{\"@type\":\"ListItem\",\"position\":2,\"name\":\"Participer a la TFW\"}]},{\"@type\":\"WebSite\",\"@id\":\"https:\/\/tangerfashionweek.com\/#website\",\"url\":\"https:\/\/tangerfashionweek.com\/\",\"name\":\"\",\"description\":\"\",\"potentialAction\":[{\"@type\":\"SearchAction\",\"target\":{\"@type\":\"EntryPoint\",\"urlTemplate\":\"https:\/\/tangerfashionweek.com\/?s={search_term_string}\"},\"query-input\":{\"@type\":\"PropertyValueSpecification\",\"valueRequired\":true,\"valueName\":\"search_term_string\"}}],\"inLanguage\":\"fr-FR\"}]}<\/script>\n<!-- \/ Yoast SEO plugin. -->","yoast_head_json":{"title":"Participer a la TFW -","robots":{"index":"index","follow":"follow","max-snippet":"max-snippet:-1","max-image-preview":"max-image-preview:large","max-video-preview":"max-video-preview:-1"},"canonical":"https:\/\/tangerfashionweek.com\/index.php\/participer-a-la-tfw\/","og_locale":"fr_FR","og_type":"article","og_title":"Participer a la TFW -","og_description":"Participer \u00e0 la Tanger Fashion Week Une vitrine strat\u00e9gique pour les cr\u00e9ateurs de mode \u00e9mergents La Tanger Fashion Week est [&hellip;]","og_url":"https:\/\/tangerfashionweek.com\/index.php\/participer-a-la-tfw\/","article_modified_time":"2025-09-16T09:48:18+00:00","og_image":[{"width":2560,"height":1707,"url":"https:\/\/tangerfashionweek.com\/wp-content\/uploads\/2025\/09\/Backstage-Accademia-Di-Moda-Nazareth-Tanger-Fashion-Week-2025-scaled.jpg","type":"image\/jpeg"}],"twitter_card":"summary_large_image","twitter_misc":{"Dur\u00e9e de lecture estim\u00e9e":"3 minutes"},"schema":{"@context":"https:\/\/schema.org","@graph":[{"@type":"WebPage","@id":"https:\/\/tangerfashionweek.com\/index.php\/participer-a-la-tfw\/","url":"https:\/\/tangerfashionweek.com\/index.php\/participer-a-la-tfw\/","name":"Participer a la TFW -","isPartOf":{"@id":"https:\/\/tangerfashionweek.com\/#website"},"primaryImageOfPage":{"@id":"https:\/\/tangerfashionweek.com\/index.php\/participer-a-la-tfw\/#primaryimage"},"image":{"@id":"https:\/\/tangerfashionweek.com\/index.php\/participer-a-la-tfw\/#primaryimage"},"thumbnailUrl":"https:\/\/tangerfashionweek.com\/wp-content\/uploads\/2025\/09\/Backstage-Accademia-Di-Moda-Nazareth-Tanger-Fashion-Week-2025-768x512.jpg","datePublished":"2025-09-16T09:44:46+00:00","dateModified":"2025-09-16T09:48:18+00:00","breadcrumb":{"@id":"https:\/\/tangerfashionweek.com\/index.php\/participer-a-la-tfw\/#breadcrumb"},"inLanguage":"fr-FR","potentialAction":[{"@type":"ReadAction","target":["https:\/\/tangerfashionweek.com\/index.php\/participer-a-la-tfw\/"]}]},{"@type":"ImageObject","inLanguage":"fr-FR","@id":"https:\/\/tangerfashionweek.com\/index.php\/participer-a-la-tfw\/#primaryimage","url":"https:\/\/tangerfashionweek.com\/wp-content\/uploads\/2025\/09\/Backstage-Accademia-Di-Moda-Nazareth-Tanger-Fashion-Week-2025-scaled.jpg","contentUrl":"https:\/\/tangerfashionweek.com\/wp-content\/uploads\/2025\/09\/Backstage-Accademia-Di-Moda-Nazareth-Tanger-Fashion-Week-2025-scaled.jpg","width":2560,"height":1707},{"@type":"BreadcrumbList","@id":"https:\/\/tangerfashionweek.com\/index.php\/participer-a-la-tfw\/#breadcrumb","itemListElement":[{"@type":"ListItem","position":1,"name":"Accueil","item":"https:\/\/tangerfashionweek.com\/"},{"@type":"ListItem","position":2,"name":"Participer a la TFW"}]},{"@type":"WebSite","@id":"https:\/\/tangerfashionweek.com\/#website","url":"https:\/\/tangerfashionweek.com\/","name":"","description":"","potentialAction":[{"@type":"SearchAction","target":{"@type":"EntryPoint","urlTemplate":"https:\/\/tangerfashionweek.com\/?s={search_term_string}"},"query-input":{"@type":"PropertyValueSpecification","valueRequired":true,"valueName":"search_term_string"}}],"inLanguage":"fr-FR"}]}},"_links":{"self":[{"href":"https:\/\/tangerfashionweek.com\/index.php\/wp-json\/wp\/v2\/pages\/470","targetHints":{"allow":["GET"]}}],"collection":[{"href":"https:\/\/tangerfashionweek.com\/index.php\/wp-json\/wp\/v2\/pages"}],"about":[{"href":"https:\/\/tangerfashionweek.com\/index.php\/wp-json\/wp\/v2\/types\/page"}],"author":[{"embeddable":true,"href":"https:\/\/tangerfashionweek.com\/index.php\/wp-json\/wp\/v2\/users\/1"}],"replies":[{"embeddable":true,"href":"https:\/\/tangerfashionweek.com\/index.php\/wp-json\/wp\/v2\/comments?post=470"}],"version-history":[{"count":7,"href":"https:\/\/tangerfashionweek.com\/index.php\/wp-json\/wp\/v2\/pages\/470\/revisions"}],"predecessor-version":[{"id":481,"href":"https:\/\/tangerfashionweek.com\/index.php\/wp-json\/wp\/v2\/pages\/470\/revisions\/481"}],"wp:attachment":[{"href":"https:\/\/tangerfashionweek.com\/index.php\/wp-json\/wp\/v2\/media?parent=470"}],"curies":[{"name":"wp","href":"https:\/\/api.w.org\/{rel}","templated":true}]}}