{"id":528,"date":"2025-10-03T12:02:09","date_gmt":"2025-10-03T10:02:09","guid":{"rendered":"https:\/\/tangerfashionweek.com\/?page_id=528"},"modified":"2025-10-03T12:05:58","modified_gmt":"2025-10-03T10:05:58","slug":"caroline-couture","status":"publish","type":"page","link":"https:\/\/tangerfashionweek.com\/index.php\/caroline-couture\/","title":{"rendered":"Caroline Couture"},"content":{"rendered":"\t\t<div data-elementor-type=\"wp-page\" data-elementor-id=\"528\" class=\"elementor elementor-528\">\n\t\t\t\t\t\t<section class=\"elementor-section elementor-top-section elementor-element elementor-element-6241d73 elementor-section-content-middle elementor-section-full_width elementor-section-height-default elementor-section-height-default\" data-id=\"6241d73\" data-element_type=\"section\" data-settings=\"{&quot;background_background&quot;:&quot;classic&quot;}\">\n\t\t\t\t\t\t<div class=\"elementor-container elementor-column-gap-no\">\n\t\t\t\t\t<div class=\"elementor-column elementor-col-100 elementor-top-column elementor-element elementor-element-43c2f04\" data-id=\"43c2f04\" data-element_type=\"column\">\n\t\t\t<div class=\"elementor-widget-wrap elementor-element-populated\">\n\t\t\t\t\t\t<div class=\"elementor-element elementor-element-a1ab930 elementor-widget elementor-widget-heading\" data-id=\"a1ab930\" data-element_type=\"widget\" data-widget_type=\"heading.default\">\n\t\t\t\t<div class=\"elementor-widget-container\">\n\t\t\t\t\t<p class=\"elementor-heading-title elementor-size-default\">Nos Designers &gt; Caroline Couture<\/p>\t\t\t\t<\/div>\n\t\t\t\t<\/div>\n\t\t\t\t<div class=\"elementor-element elementor-element-8d85791 elementor-widget elementor-widget-heading\" data-id=\"8d85791\" data-element_type=\"widget\" data-widget_type=\"heading.default\">\n\t\t\t\t<div class=\"elementor-widget-container\">\n\t\t\t\t\t<p class=\"elementor-heading-title elementor-size-default\">Caroline Couture<\/p>\t\t\t\t<\/div>\n\t\t\t\t<\/div>\n\t\t\t\t<div class=\"elementor-element elementor-element-4057e84 elementor-widget elementor-widget-heading\" data-id=\"4057e84\" data-element_type=\"widget\" data-widget_type=\"heading.default\">\n\t\t\t\t<div class=\"elementor-widget-container\">\n\t\t\t\t\t<p class=\"elementor-heading-title elementor-size-default\">Suisse<\/p>\t\t\t\t<\/div>\n\t\t\t\t<\/div>\n\t\t\t\t<div class=\"elementor-element elementor-element-870d18c elementor-widget-divider--view-line elementor-widget elementor-widget-divider\" data-id=\"870d18c\" data-element_type=\"widget\" data-widget_type=\"divider.default\">\n\t\t\t\t<div class=\"elementor-widget-container\">\n\t\t\t\t\t\t\t<div class=\"elementor-divider\">\n\t\t\t<span class=\"elementor-divider-separator\">\n\t\t\t\t\t\t<\/span>\n\t\t<\/div>\n\t\t\t\t\t\t<\/div>\n\t\t\t\t<\/div>\n\t\t\t\t\t<\/div>\n\t\t<\/div>\n\t\t\t\t\t<\/div>\n\t\t<\/section>\n\t\t\t\t<section class=\"elementor-section elementor-top-section elementor-element elementor-element-0xiwu4a elementor-section-content-middle elementor-section-full_width elementor-section-height-default elementor-section-height-default\" data-id=\"0xiwu4a\" data-element_type=\"section\" data-settings=\"{&quot;background_background&quot;:&quot;classic&quot;}\">\n\t\t\t\t\t\t<div class=\"elementor-container elementor-column-gap-wide\">\n\t\t\t\t\t<div class=\"elementor-column elementor-col-50 elementor-top-column elementor-element elementor-element-fc55efe\" data-id=\"fc55efe\" data-element_type=\"column\">\n\t\t\t<div class=\"elementor-widget-wrap elementor-element-populated\">\n\t\t\t\t\t\t<div class=\"elementor-element elementor-element-a336775 elementor-widget elementor-widget-text-editor\" data-id=\"a336775\" data-element_type=\"widget\" data-widget_type=\"text-editor.default\">\n\t\t\t\t<div class=\"elementor-widget-container\">\n\t\t\t\t\t\t\t\t\t<p><span style=\"font-weight: 400;\">Articulant les codes de la mode et de la joaillerie de luxe autour d\u2019un dialogue profond\u00e9ment fertile, Caroline\u2019s Couture offre aux femmes la possibilit\u00e9 de construire leur tenue de mani\u00e8re parfaitement coordonn\u00e9e. \u00ab Une garde-robe \u00e0 la mani\u00e8re d\u2019une collection de bijoux, que le temps rend toujours plus pr\u00e9cieuse parce que des pans de vie les accompagnent et qu\u2019ils charrient des exp\u00e9riences, des souvenirs, des moments m\u00e9morables. C\u2019est cette approche joaill\u00e8re que je voulais transposer au v\u00eatement \u00bb, explique Caroline Scheufele.\u00a0<\/span><\/p><p><span style=\"font-weight: 400;\">Elle adopte ainsi la m\u00eame d\u00e9marche que pour la joaillerie de luxe : se tourner vers les mat\u00e9riaux les plus nobles, d\u00e9velopper des mati\u00e8res afin de cr\u00e9er des textures uniques et faire appel aux meilleurs artisans d\u2019art. \u00c0 l&rsquo;instar de la joaillerie de luxe dessin\u00e9e par Caroline, ces v\u00eatements sont autant de coups de c\u0153ur que d\u2019investissements durables, pens\u00e9s pour accompagner les femmes vers un avenir raisonn\u00e9, au sein duquel ce qui est aim\u00e9 un jour peut l\u2019\u00eatre pour toujours.<\/span><\/p>\t\t\t\t\t\t\t\t<\/div>\n\t\t\t\t<\/div>\n\t\t\t\t\t<\/div>\n\t\t<\/div>\n\t\t\t\t<div class=\"elementor-column elementor-col-50 elementor-top-column elementor-element elementor-element-6492811\" data-id=\"6492811\" data-element_type=\"column\">\n\t\t\t<div class=\"elementor-widget-wrap elementor-element-populated\">\n\t\t\t\t\t\t<div class=\"elementor-element elementor-element-270c20c elementor-widget elementor-widget-image\" data-id=\"270c20c\" data-element_type=\"widget\" data-widget_type=\"image.default\">\n\t\t\t\t<div class=\"elementor-widget-container\">\n\t\t\t\t\t\t\t\t\t\t\t\t\t\t\t<img decoding=\"async\" width=\"300\" height=\"115\" src=\"https:\/\/tangerfashionweek.com\/wp-content\/uploads\/2025\/10\/58-e1759485927432-300x115.png\" class=\"attachment-medium size-medium wp-image-530\" alt=\"\" srcset=\"https:\/\/tangerfashionweek.com\/wp-content\/uploads\/2025\/10\/58-e1759485927432-300x115.png 300w, https:\/\/tangerfashionweek.com\/wp-content\/uploads\/2025\/10\/58-e1759485927432-768x294.png 768w, https:\/\/tangerfashionweek.com\/wp-content\/uploads\/2025\/10\/58-e1759485927432.png 867w\" sizes=\"(max-width: 300px) 100vw, 300px\" \/>\t\t\t\t\t\t\t\t\t\t\t\t\t\t\t<\/div>\n\t\t\t\t<\/div>\n\t\t\t\t<div class=\"elementor-element elementor-element-9429ba1 elementor-widget elementor-widget-text-editor\" data-id=\"9429ba1\" data-element_type=\"widget\" data-widget_type=\"text-editor.default\">\n\t\t\t\t<div class=\"elementor-widget-container\">\n\t\t\t\t\t\t\t\t\t<p><span style=\"font-weight: 400;\"><strong>Instagram :<br \/><\/strong><\/span><span style=\"font-weight: 400;\">@<\/span><span style=\"font-weight: 400;\">chopard<\/span><\/p><p><b>Site web :\u00a0<br \/><span style=\"font-weight: 400;\">www.chopard.com\/fr<\/span><br \/><\/b><\/p><p><span style=\"font-weight: 400;\">\u00a0<\/span><\/p>\t\t\t\t\t\t\t\t<\/div>\n\t\t\t\t<\/div>\n\t\t\t\t\t<\/div>\n\t\t<\/div>\n\t\t\t\t\t<\/div>\n\t\t<\/section>\n\t\t\t\t<section class=\"elementor-section elementor-top-section elementor-element elementor-element-a45f66b elementor-section-content-middle elementor-section-full_width elementor-section-height-default elementor-section-height-default\" data-id=\"a45f66b\" data-element_type=\"section\" data-settings=\"{&quot;background_background&quot;:&quot;classic&quot;}\">\n\t\t\t\t\t\t<div class=\"elementor-container elementor-column-gap-no\">\n\t\t\t\t\t<div class=\"elementor-column elementor-col-100 elementor-top-column elementor-element elementor-element-2a520af\" data-id=\"2a520af\" data-element_type=\"column\">\n\t\t\t<div class=\"elementor-widget-wrap elementor-element-populated\">\n\t\t\t\t\t\t<div class=\"elementor-element elementor-element-03ab6d1 elementor-widget elementor-widget-heading\" data-id=\"03ab6d1\" data-element_type=\"widget\" data-widget_type=\"heading.default\">\n\t\t\t\t<div class=\"elementor-widget-container\">\n\t\t\t\t\t<p class=\"elementor-heading-title elementor-size-default\">Collections<\/p>\t\t\t\t<\/div>\n\t\t\t\t<\/div>\n\t\t\t\t<div class=\"elementor-element elementor-element-ced1a3c elementor-widget-divider--view-line elementor-widget elementor-widget-divider\" data-id=\"ced1a3c\" data-element_type=\"widget\" data-widget_type=\"divider.default\">\n\t\t\t\t<div class=\"elementor-widget-container\">\n\t\t\t\t\t\t\t<div class=\"elementor-divider\">\n\t\t\t<span class=\"elementor-divider-separator\">\n\t\t\t\t\t\t<\/span>\n\t\t<\/div>\n\t\t\t\t\t\t<\/div>\n\t\t\t\t<\/div>\n\t\t\t\t\t<\/div>\n\t\t<\/div>\n\t\t\t\t\t<\/div>\n\t\t<\/section>\n\t\t\t\t<section class=\"elementor-section elementor-top-section elementor-element elementor-element-f7ac284 elementor-section-content-middle elementor-section-full_width elementor-section-height-default elementor-section-height-default\" data-id=\"f7ac284\" data-element_type=\"section\" data-settings=\"{&quot;background_background&quot;:&quot;classic&quot;}\">\n\t\t\t\t\t\t<div class=\"elementor-container elementor-column-gap-wide\">\n\t\t\t\t\t<div class=\"elementor-column elementor-col-100 elementor-top-column elementor-element elementor-element-14fccf4\" data-id=\"14fccf4\" data-element_type=\"column\">\n\t\t\t<div class=\"elementor-widget-wrap elementor-element-populated\">\n\t\t\t\t\t\t<div class=\"elementor-element elementor-element-b2eb5ca elementor-widget elementor-widget-text-editor\" data-id=\"b2eb5ca\" data-element_type=\"widget\" data-widget_type=\"text-editor.default\">\n\t\t\t\t<div class=\"elementor-widget-container\">\n\t\t\t\t\t\t\t\t\t<p><strong>Tanger Fashion Week 2025 | 12.06.2025<\/strong><\/p>\t\t\t\t\t\t\t\t<\/div>\n\t\t\t\t<\/div>\n\t\t\t\t<div class=\"elementor-element elementor-element-4f37f80 elementor-widget__width-initial elementor-widget elementor-widget-video\" data-id=\"4f37f80\" data-element_type=\"widget\" data-settings=\"{&quot;youtube_url&quot;:&quot;https:\\\/\\\/www.youtube.com\\\/watch?v=TnjIYwoFdtQ&quot;,&quot;video_type&quot;:&quot;youtube&quot;,&quot;controls&quot;:&quot;yes&quot;}\" data-widget_type=\"video.default\">\n\t\t\t\t<div class=\"elementor-widget-container\">\n\t\t\t\t\t\t\t<div class=\"elementor-wrapper elementor-open-inline\">\n\t\t\t<div class=\"elementor-video\"><\/div>\t\t<\/div>\n\t\t\t\t\t\t<\/div>\n\t\t\t\t<\/div>\n\t\t\t\t\t<\/div>\n\t\t<\/div>\n\t\t\t\t\t<\/div>\n\t\t<\/section>\n\t\t\t\t<\/div>\n\t\t","protected":false},"excerpt":{"rendered":"<p>Nos Designers &gt; Caroline Couture Caroline Couture Suisse Articulant les codes de la mode et de la joaillerie de luxe [&hellip;]<\/p>\n","protected":false},"author":1,"featured_media":0,"parent":0,"menu_order":0,"comment_status":"closed","ping_status":"closed","template":"elementor_header_footer","meta":{"site-sidebar-layout":"no-sidebar","site-content-layout":"","ast-site-content-layout":"full-width-container","site-content-style":"default","site-sidebar-style":"default","ast-global-header-display":"","ast-banner-title-visibility":"","ast-main-header-display":"","ast-hfb-above-header-display":"","ast-hfb-below-header-display":"","ast-hfb-mobile-header-display":"","site-post-title":"disabled","ast-breadcrumbs-content":"","ast-featured-img":"disabled","footer-sml-layout":"","theme-transparent-header-meta":"","adv-header-id-meta":"","stick-header-meta":"","header-above-stick-meta":"","header-main-stick-meta":"","header-below-stick-meta":"","astra-migrate-meta-layouts":"default","ast-page-background-enabled":"default","ast-page-background-meta":{"desktop":{"background-color":"var(--ast-global-color-5)","background-image":"","background-repeat":"repeat","background-position":"center center","background-size":"auto","background-attachment":"scroll","background-type":"","background-media":"","overlay-type":"","overlay-color":"","overlay-opacity":"","overlay-gradient":""},"tablet":{"background-color":"","background-image":"","background-repeat":"repeat","background-position":"center center","background-size":"auto","background-attachment":"scroll","background-type":"","background-media":"","overlay-type":"","overlay-color":"","overlay-opacity":"","overlay-gradient":""},"mobile":{"background-color":"","background-image":"","background-repeat":"repeat","background-position":"center center","background-size":"auto","background-attachment":"scroll","background-type":"","background-media":"","overlay-type":"","overlay-color":"","overlay-opacity":"","overlay-gradient":""}},"ast-content-background-meta":{"desktop":{"background-color":"var(--ast-global-color-4)","background-image":"","background-repeat":"repeat","background-position":"center center","background-size":"auto","background-attachment":"scroll","background-type":"","background-media":"","overlay-type":"","overlay-color":"","overlay-opacity":"","overlay-gradient":""},"tablet":{"background-color":"var(--ast-global-color-4)","background-image":"","background-repeat":"repeat","background-position":"center center","background-size":"auto","background-attachment":"scroll","background-type":"","background-media":"","overlay-type":"","overlay-color":"","overlay-opacity":"","overlay-gradient":""},"mobile":{"background-color":"var(--ast-global-color-4)","background-image":"","background-repeat":"repeat","background-position":"center center","background-size":"auto","background-attachment":"scroll","background-type":"","background-media":"","overlay-type":"","overlay-color":"","overlay-opacity":"","overlay-gradient":""}},"footnotes":""},"class_list":["post-528","page","type-page","status-publish","hentry"],"yoast_head":"<!-- This site is optimized with the Yoast SEO plugin v26.0 - https:\/\/yoast.com\/wordpress\/plugins\/seo\/ -->\n<title>Caroline Couture -<\/title>\n<meta name=\"robots\" content=\"index, follow, max-snippet:-1, max-image-preview:large, max-video-preview:-1\" \/>\n<link rel=\"canonical\" href=\"https:\/\/tangerfashionweek.com\/index.php\/caroline-couture\/\" \/>\n<meta property=\"og:locale\" content=\"fr_FR\" \/>\n<meta property=\"og:type\" content=\"article\" \/>\n<meta property=\"og:title\" content=\"Caroline Couture -\" \/>\n<meta property=\"og:description\" content=\"Nos Designers &gt; Caroline Couture Caroline Couture Suisse Articulant les codes de la mode et de la joaillerie de luxe [&hellip;]\" \/>\n<meta property=\"og:url\" content=\"https:\/\/tangerfashionweek.com\/index.php\/caroline-couture\/\" \/>\n<meta property=\"article:modified_time\" content=\"2025-10-03T10:05:58+00:00\" \/>\n<meta property=\"og:image\" content=\"https:\/\/tangerfashionweek.com\/wp-content\/uploads\/2025\/10\/58-e1759485927432.png\" \/>\n\t<meta property=\"og:image:width\" content=\"867\" \/>\n\t<meta property=\"og:image:height\" content=\"332\" \/>\n\t<meta property=\"og:image:type\" content=\"image\/png\" \/>\n<meta name=\"twitter:card\" content=\"summary_large_image\" \/>\n<meta name=\"twitter:label1\" content=\"Dur\u00e9e de lecture estim\u00e9e\" \/>\n\t<meta name=\"twitter:data1\" content=\"2 minutes\" \/>\n<script type=\"application\/ld+json\" class=\"yoast-schema-graph\">{\"@context\":\"https:\/\/schema.org\",\"@graph\":[{\"@type\":\"WebPage\",\"@id\":\"https:\/\/tangerfashionweek.com\/index.php\/caroline-couture\/\",\"url\":\"https:\/\/tangerfashionweek.com\/index.php\/caroline-couture\/\",\"name\":\"Caroline Couture -\",\"isPartOf\":{\"@id\":\"https:\/\/tangerfashionweek.com\/#website\"},\"primaryImageOfPage\":{\"@id\":\"https:\/\/tangerfashionweek.com\/index.php\/caroline-couture\/#primaryimage\"},\"image\":{\"@id\":\"https:\/\/tangerfashionweek.com\/index.php\/caroline-couture\/#primaryimage\"},\"thumbnailUrl\":\"https:\/\/tangerfashionweek.com\/wp-content\/uploads\/2025\/10\/58-e1759485927432-300x115.png\",\"datePublished\":\"2025-10-03T10:02:09+00:00\",\"dateModified\":\"2025-10-03T10:05:58+00:00\",\"breadcrumb\":{\"@id\":\"https:\/\/tangerfashionweek.com\/index.php\/caroline-couture\/#breadcrumb\"},\"inLanguage\":\"fr-FR\",\"potentialAction\":[{\"@type\":\"ReadAction\",\"target\":[\"https:\/\/tangerfashionweek.com\/index.php\/caroline-couture\/\"]}]},{\"@type\":\"ImageObject\",\"inLanguage\":\"fr-FR\",\"@id\":\"https:\/\/tangerfashionweek.com\/index.php\/caroline-couture\/#primaryimage\",\"url\":\"https:\/\/tangerfashionweek.com\/wp-content\/uploads\/2025\/10\/58-e1759485927432.png\",\"contentUrl\":\"https:\/\/tangerfashionweek.com\/wp-content\/uploads\/2025\/10\/58-e1759485927432.png\",\"width\":867,\"height\":332},{\"@type\":\"BreadcrumbList\",\"@id\":\"https:\/\/tangerfashionweek.com\/index.php\/caroline-couture\/#breadcrumb\",\"itemListElement\":[{\"@type\":\"ListItem\",\"position\":1,\"name\":\"Accueil\",\"item\":\"https:\/\/tangerfashionweek.com\/\"},{\"@type\":\"ListItem\",\"position\":2,\"name\":\"Caroline Couture\"}]},{\"@type\":\"WebSite\",\"@id\":\"https:\/\/tangerfashionweek.com\/#website\",\"url\":\"https:\/\/tangerfashionweek.com\/\",\"name\":\"\",\"description\":\"\",\"potentialAction\":[{\"@type\":\"SearchAction\",\"target\":{\"@type\":\"EntryPoint\",\"urlTemplate\":\"https:\/\/tangerfashionweek.com\/?s={search_term_string}\"},\"query-input\":{\"@type\":\"PropertyValueSpecification\",\"valueRequired\":true,\"valueName\":\"search_term_string\"}}],\"inLanguage\":\"fr-FR\"}]}<\/script>\n<!-- \/ Yoast SEO plugin. -->","yoast_head_json":{"title":"Caroline Couture -","robots":{"index":"index","follow":"follow","max-snippet":"max-snippet:-1","max-image-preview":"max-image-preview:large","max-video-preview":"max-video-preview:-1"},"canonical":"https:\/\/tangerfashionweek.com\/index.php\/caroline-couture\/","og_locale":"fr_FR","og_type":"article","og_title":"Caroline Couture -","og_description":"Nos Designers &gt; Caroline Couture Caroline Couture Suisse Articulant les codes de la mode et de la joaillerie de luxe [&hellip;]","og_url":"https:\/\/tangerfashionweek.com\/index.php\/caroline-couture\/","article_modified_time":"2025-10-03T10:05:58+00:00","og_image":[{"width":867,"height":332,"url":"https:\/\/tangerfashionweek.com\/wp-content\/uploads\/2025\/10\/58-e1759485927432.png","type":"image\/png"}],"twitter_card":"summary_large_image","twitter_misc":{"Dur\u00e9e de lecture estim\u00e9e":"2 minutes"},"schema":{"@context":"https:\/\/schema.org","@graph":[{"@type":"WebPage","@id":"https:\/\/tangerfashionweek.com\/index.php\/caroline-couture\/","url":"https:\/\/tangerfashionweek.com\/index.php\/caroline-couture\/","name":"Caroline Couture -","isPartOf":{"@id":"https:\/\/tangerfashionweek.com\/#website"},"primaryImageOfPage":{"@id":"https:\/\/tangerfashionweek.com\/index.php\/caroline-couture\/#primaryimage"},"image":{"@id":"https:\/\/tangerfashionweek.com\/index.php\/caroline-couture\/#primaryimage"},"thumbnailUrl":"https:\/\/tangerfashionweek.com\/wp-content\/uploads\/2025\/10\/58-e1759485927432-300x115.png","datePublished":"2025-10-03T10:02:09+00:00","dateModified":"2025-10-03T10:05:58+00:00","breadcrumb":{"@id":"https:\/\/tangerfashionweek.com\/index.php\/caroline-couture\/#breadcrumb"},"inLanguage":"fr-FR","potentialAction":[{"@type":"ReadAction","target":["https:\/\/tangerfashionweek.com\/index.php\/caroline-couture\/"]}]},{"@type":"ImageObject","inLanguage":"fr-FR","@id":"https:\/\/tangerfashionweek.com\/index.php\/caroline-couture\/#primaryimage","url":"https:\/\/tangerfashionweek.com\/wp-content\/uploads\/2025\/10\/58-e1759485927432.png","contentUrl":"https:\/\/tangerfashionweek.com\/wp-content\/uploads\/2025\/10\/58-e1759485927432.png","width":867,"height":332},{"@type":"BreadcrumbList","@id":"https:\/\/tangerfashionweek.com\/index.php\/caroline-couture\/#breadcrumb","itemListElement":[{"@type":"ListItem","position":1,"name":"Accueil","item":"https:\/\/tangerfashionweek.com\/"},{"@type":"ListItem","position":2,"name":"Caroline Couture"}]},{"@type":"WebSite","@id":"https:\/\/tangerfashionweek.com\/#website","url":"https:\/\/tangerfashionweek.com\/","name":"","description":"","potentialAction":[{"@type":"SearchAction","target":{"@type":"EntryPoint","urlTemplate":"https:\/\/tangerfashionweek.com\/?s={search_term_string}"},"query-input":{"@type":"PropertyValueSpecification","valueRequired":true,"valueName":"search_term_string"}}],"inLanguage":"fr-FR"}]}},"_links":{"self":[{"href":"https:\/\/tangerfashionweek.com\/index.php\/wp-json\/wp\/v2\/pages\/528","targetHints":{"allow":["GET"]}}],"collection":[{"href":"https:\/\/tangerfashionweek.com\/index.php\/wp-json\/wp\/v2\/pages"}],"about":[{"href":"https:\/\/tangerfashionweek.com\/index.php\/wp-json\/wp\/v2\/types\/page"}],"author":[{"embeddable":true,"href":"https:\/\/tangerfashionweek.com\/index.php\/wp-json\/wp\/v2\/users\/1"}],"replies":[{"embeddable":true,"href":"https:\/\/tangerfashionweek.com\/index.php\/wp-json\/wp\/v2\/comments?post=528"}],"version-history":[{"count":7,"href":"https:\/\/tangerfashionweek.com\/index.php\/wp-json\/wp\/v2\/pages\/528\/revisions"}],"predecessor-version":[{"id":536,"href":"https:\/\/tangerfashionweek.com\/index.php\/wp-json\/wp\/v2\/pages\/528\/revisions\/536"}],"wp:attachment":[{"href":"https:\/\/tangerfashionweek.com\/index.php\/wp-json\/wp\/v2\/media?parent=528"}],"curies":[{"name":"wp","href":"https:\/\/api.w.org\/{rel}","templated":true}]}}