{"id":555,"date":"2025-10-03T12:20:18","date_gmt":"2025-10-03T10:20:18","guid":{"rendered":"https:\/\/tangerfashionweek.com\/?page_id=555"},"modified":"2025-10-03T12:22:32","modified_gmt":"2025-10-03T10:22:32","slug":"farah-bouhout","status":"publish","type":"page","link":"https:\/\/tangerfashionweek.com\/index.php\/farah-bouhout\/","title":{"rendered":"Farah Bouhout"},"content":{"rendered":"\t\t<div data-elementor-type=\"wp-page\" data-elementor-id=\"555\" class=\"elementor elementor-555\">\n\t\t\t\t\t\t<section class=\"elementor-section elementor-top-section elementor-element elementor-element-6241d73 elementor-section-content-middle elementor-section-full_width elementor-section-height-default elementor-section-height-default\" data-id=\"6241d73\" data-element_type=\"section\" data-settings=\"{&quot;background_background&quot;:&quot;classic&quot;}\">\n\t\t\t\t\t\t<div class=\"elementor-container elementor-column-gap-no\">\n\t\t\t\t\t<div class=\"elementor-column elementor-col-100 elementor-top-column elementor-element elementor-element-43c2f04\" data-id=\"43c2f04\" data-element_type=\"column\">\n\t\t\t<div class=\"elementor-widget-wrap elementor-element-populated\">\n\t\t\t\t\t\t<div class=\"elementor-element elementor-element-a1ab930 elementor-widget elementor-widget-heading\" data-id=\"a1ab930\" data-element_type=\"widget\" data-widget_type=\"heading.default\">\n\t\t\t\t<div class=\"elementor-widget-container\">\n\t\t\t\t\t<p class=\"elementor-heading-title elementor-size-default\">Nos Designers &gt; Farah Bouhout<\/p>\t\t\t\t<\/div>\n\t\t\t\t<\/div>\n\t\t\t\t<div class=\"elementor-element elementor-element-8d85791 elementor-widget elementor-widget-heading\" data-id=\"8d85791\" data-element_type=\"widget\" data-widget_type=\"heading.default\">\n\t\t\t\t<div class=\"elementor-widget-container\">\n\t\t\t\t\t<p class=\"elementor-heading-title elementor-size-default\">Farah Bouhout<\/p>\t\t\t\t<\/div>\n\t\t\t\t<\/div>\n\t\t\t\t<div class=\"elementor-element elementor-element-4057e84 elementor-widget elementor-widget-heading\" data-id=\"4057e84\" data-element_type=\"widget\" data-widget_type=\"heading.default\">\n\t\t\t\t<div class=\"elementor-widget-container\">\n\t\t\t\t\t<p class=\"elementor-heading-title elementor-size-default\">Maroc<\/p>\t\t\t\t<\/div>\n\t\t\t\t<\/div>\n\t\t\t\t<div class=\"elementor-element elementor-element-870d18c elementor-widget-divider--view-line elementor-widget elementor-widget-divider\" data-id=\"870d18c\" data-element_type=\"widget\" data-widget_type=\"divider.default\">\n\t\t\t\t<div class=\"elementor-widget-container\">\n\t\t\t\t\t\t\t<div class=\"elementor-divider\">\n\t\t\t<span class=\"elementor-divider-separator\">\n\t\t\t\t\t\t<\/span>\n\t\t<\/div>\n\t\t\t\t\t\t<\/div>\n\t\t\t\t<\/div>\n\t\t\t\t\t<\/div>\n\t\t<\/div>\n\t\t\t\t\t<\/div>\n\t\t<\/section>\n\t\t\t\t<section class=\"elementor-section elementor-top-section elementor-element elementor-element-0xiwu4a elementor-section-content-middle elementor-section-full_width elementor-section-height-default elementor-section-height-default\" data-id=\"0xiwu4a\" data-element_type=\"section\" data-settings=\"{&quot;background_background&quot;:&quot;classic&quot;}\">\n\t\t\t\t\t\t<div class=\"elementor-container elementor-column-gap-wide\">\n\t\t\t\t\t<div class=\"elementor-column elementor-col-50 elementor-top-column elementor-element elementor-element-fc55efe\" data-id=\"fc55efe\" data-element_type=\"column\">\n\t\t\t<div class=\"elementor-widget-wrap elementor-element-populated\">\n\t\t\t\t\t\t<div class=\"elementor-element elementor-element-a336775 elementor-widget elementor-widget-text-editor\" data-id=\"a336775\" data-element_type=\"widget\" data-widget_type=\"text-editor.default\">\n\t\t\t\t<div class=\"elementor-widget-container\">\n\t\t\t\t\t\t\t\t\t<p><span style=\"font-weight: 400;\">Farah Bouhout est n\u00e9e dans la ville multiculturelle de Tanger et a grandi \u00e0 T\u00e9touan, la ville la plus andalouse du Maroc, elle est extr\u00eamement fi\u00e8re de ses origines rifaines. Issue d&rsquo;une famille de grands commer\u00e7ants dans le milieu du textile, elle est dipl\u00f4m\u00e9e en commerce international et marketing. Passionn\u00e9e d&rsquo;art, d&rsquo;architecture, de voyages et de mode, Farah se lance d&rsquo;abord dans la d\u00e9coration int\u00e9rieure puis dans le pr\u00eat-\u00e0-porter, affirmant ainsi son expertise et son savoir-faire. En 2012, elle s\u2019installe \u00e0 Londres pour se former en d\u00e9coration d&rsquo;espaces, habillage de vitrine, et merchandising, acqu\u00e9rant des comp\u00e9tences essentielles. Apr\u00e8s la pand\u00e9mie de COVID-19, Farah s&rsquo;installe \u00e0 Abidjan, en C\u00f4te d&rsquo;Ivoire, d&rsquo;ivoire, o\u00f9 elle est \u00e9merveill\u00e9e par la culture d&rsquo;Afrique subsaharienne. Elle s&rsquo;investit alors dans des recherches qui r\u00e9v\u00e8lent des parall\u00e8les entre les cultures marocaine et ivoirienne. Elles r\u00e9v\u00e8lent notamment des similitudes entre les symboles Adinka (pr\u00e9sents sur des bijoux, des arts muraux et d\u2019autres objets d\u2019arts), les motifs brod\u00e9s sur des caftans marocains et les motifs issus de l\u2019art du tatouage berb\u00e8re.<\/span><\/p>\t\t\t\t\t\t\t\t<\/div>\n\t\t\t\t<\/div>\n\t\t\t\t\t<\/div>\n\t\t<\/div>\n\t\t\t\t<div class=\"elementor-column elementor-col-50 elementor-top-column elementor-element elementor-element-6492811\" data-id=\"6492811\" data-element_type=\"column\">\n\t\t\t<div class=\"elementor-widget-wrap elementor-element-populated\">\n\t\t\t\t\t\t<div class=\"elementor-element elementor-element-270c20c elementor-widget elementor-widget-image\" data-id=\"270c20c\" data-element_type=\"widget\" data-widget_type=\"image.default\">\n\t\t\t\t<div class=\"elementor-widget-container\">\n\t\t\t\t\t\t\t\t\t\t\t\t\t\t\t<img decoding=\"async\" width=\"300\" height=\"119\" src=\"https:\/\/tangerfashionweek.com\/wp-content\/uploads\/2025\/10\/Logo-1-e1759486936370-300x119.png\" class=\"attachment-medium size-medium wp-image-557\" alt=\"\" srcset=\"https:\/\/tangerfashionweek.com\/wp-content\/uploads\/2025\/10\/Logo-1-e1759486936370-300x119.png 300w, https:\/\/tangerfashionweek.com\/wp-content\/uploads\/2025\/10\/Logo-1-e1759486936370-768x305.png 768w, https:\/\/tangerfashionweek.com\/wp-content\/uploads\/2025\/10\/Logo-1-e1759486936370.png 1000w\" sizes=\"(max-width: 300px) 100vw, 300px\" \/>\t\t\t\t\t\t\t\t\t\t\t\t\t\t\t<\/div>\n\t\t\t\t<\/div>\n\t\t\t\t<div class=\"elementor-element elementor-element-9429ba1 elementor-widget elementor-widget-text-editor\" data-id=\"9429ba1\" data-element_type=\"widget\" data-widget_type=\"text-editor.default\">\n\t\t\t\t<div class=\"elementor-widget-container\">\n\t\t\t\t\t\t\t\t\t<p><span style=\"font-weight: 400;\"><strong>Instagram :<br \/><\/strong><\/span><span style=\"font-weight: 400;\">@<\/span><span style=\"font-weight: 400;\">farahbouhout.ahc<\/span><\/p><p><b>Site web :\u00a0<br \/><span style=\"font-weight: 400;\">www.farahbouhout.co<\/span><span style=\"font-weight: 400;\">m<\/span><br \/><\/b><\/p><p><span style=\"font-weight: 400;\">\u00a0<\/span><\/p>\t\t\t\t\t\t\t\t<\/div>\n\t\t\t\t<\/div>\n\t\t\t\t\t<\/div>\n\t\t<\/div>\n\t\t\t\t\t<\/div>\n\t\t<\/section>\n\t\t\t\t<section class=\"elementor-section elementor-top-section elementor-element elementor-element-a45f66b elementor-section-content-middle elementor-section-full_width elementor-section-height-default elementor-section-height-default\" data-id=\"a45f66b\" data-element_type=\"section\" data-settings=\"{&quot;background_background&quot;:&quot;classic&quot;}\">\n\t\t\t\t\t\t<div class=\"elementor-container elementor-column-gap-no\">\n\t\t\t\t\t<div class=\"elementor-column elementor-col-100 elementor-top-column elementor-element elementor-element-2a520af\" data-id=\"2a520af\" data-element_type=\"column\">\n\t\t\t<div class=\"elementor-widget-wrap elementor-element-populated\">\n\t\t\t\t\t\t<div class=\"elementor-element elementor-element-03ab6d1 elementor-widget elementor-widget-heading\" data-id=\"03ab6d1\" data-element_type=\"widget\" data-widget_type=\"heading.default\">\n\t\t\t\t<div class=\"elementor-widget-container\">\n\t\t\t\t\t<p class=\"elementor-heading-title elementor-size-default\">Collections<\/p>\t\t\t\t<\/div>\n\t\t\t\t<\/div>\n\t\t\t\t<div class=\"elementor-element elementor-element-ced1a3c elementor-widget-divider--view-line elementor-widget elementor-widget-divider\" data-id=\"ced1a3c\" data-element_type=\"widget\" data-widget_type=\"divider.default\">\n\t\t\t\t<div class=\"elementor-widget-container\">\n\t\t\t\t\t\t\t<div class=\"elementor-divider\">\n\t\t\t<span class=\"elementor-divider-separator\">\n\t\t\t\t\t\t<\/span>\n\t\t<\/div>\n\t\t\t\t\t\t<\/div>\n\t\t\t\t<\/div>\n\t\t\t\t\t<\/div>\n\t\t<\/div>\n\t\t\t\t\t<\/div>\n\t\t<\/section>\n\t\t\t\t<section class=\"elementor-section elementor-top-section elementor-element elementor-element-f7ac284 elementor-section-content-middle elementor-section-full_width elementor-section-height-default elementor-section-height-default\" data-id=\"f7ac284\" data-element_type=\"section\" data-settings=\"{&quot;background_background&quot;:&quot;classic&quot;}\">\n\t\t\t\t\t\t<div class=\"elementor-container elementor-column-gap-wide\">\n\t\t\t\t\t<div class=\"elementor-column elementor-col-100 elementor-top-column elementor-element elementor-element-14fccf4\" data-id=\"14fccf4\" data-element_type=\"column\">\n\t\t\t<div class=\"elementor-widget-wrap elementor-element-populated\">\n\t\t\t\t\t\t<div class=\"elementor-element elementor-element-b2eb5ca elementor-widget elementor-widget-text-editor\" data-id=\"b2eb5ca\" data-element_type=\"widget\" data-widget_type=\"text-editor.default\">\n\t\t\t\t<div class=\"elementor-widget-container\">\n\t\t\t\t\t\t\t\t\t<p><strong>Tanger Fashion Week 2025 | 31.05.2024<\/strong><\/p>\t\t\t\t\t\t\t\t<\/div>\n\t\t\t\t<\/div>\n\t\t\t\t<div class=\"elementor-element elementor-element-4f37f80 elementor-widget__width-initial elementor-widget elementor-widget-video\" data-id=\"4f37f80\" data-element_type=\"widget\" data-settings=\"{&quot;youtube_url&quot;:&quot;https:\\\/\\\/www.youtube.com\\\/watch?v=zxmuZUcHAN0&quot;,&quot;video_type&quot;:&quot;youtube&quot;,&quot;controls&quot;:&quot;yes&quot;}\" data-widget_type=\"video.default\">\n\t\t\t\t<div class=\"elementor-widget-container\">\n\t\t\t\t\t\t\t<div class=\"elementor-wrapper elementor-open-inline\">\n\t\t\t<div class=\"elementor-video\"><\/div>\t\t<\/div>\n\t\t\t\t\t\t<\/div>\n\t\t\t\t<\/div>\n\t\t\t\t\t<\/div>\n\t\t<\/div>\n\t\t\t\t\t<\/div>\n\t\t<\/section>\n\t\t\t\t<\/div>\n\t\t","protected":false},"excerpt":{"rendered":"<p>Nos Designers &gt; Farah Bouhout Farah Bouhout Maroc Farah Bouhout est n\u00e9e dans la ville multiculturelle de Tanger et a [&hellip;]<\/p>\n","protected":false},"author":1,"featured_media":0,"parent":0,"menu_order":0,"comment_status":"closed","ping_status":"closed","template":"elementor_header_footer","meta":{"site-sidebar-layout":"no-sidebar","site-content-layout":"","ast-site-content-layout":"full-width-container","site-content-style":"default","site-sidebar-style":"default","ast-global-header-display":"","ast-banner-title-visibility":"","ast-main-header-display":"","ast-hfb-above-header-display":"","ast-hfb-below-header-display":"","ast-hfb-mobile-header-display":"","site-post-title":"disabled","ast-breadcrumbs-content":"","ast-featured-img":"disabled","footer-sml-layout":"","theme-transparent-header-meta":"","adv-header-id-meta":"","stick-header-meta":"","header-above-stick-meta":"","header-main-stick-meta":"","header-below-stick-meta":"","astra-migrate-meta-layouts":"default","ast-page-background-enabled":"default","ast-page-background-meta":{"desktop":{"background-color":"var(--ast-global-color-5)","background-image":"","background-repeat":"repeat","background-position":"center center","background-size":"auto","background-attachment":"scroll","background-type":"","background-media":"","overlay-type":"","overlay-color":"","overlay-opacity":"","overlay-gradient":""},"tablet":{"background-color":"","background-image":"","background-repeat":"repeat","background-position":"center center","background-size":"auto","background-attachment":"scroll","background-type":"","background-media":"","overlay-type":"","overlay-color":"","overlay-opacity":"","overlay-gradient":""},"mobile":{"background-color":"","background-image":"","background-repeat":"repeat","background-position":"center center","background-size":"auto","background-attachment":"scroll","background-type":"","background-media":"","overlay-type":"","overlay-color":"","overlay-opacity":"","overlay-gradient":""}},"ast-content-background-meta":{"desktop":{"background-color":"var(--ast-global-color-4)","background-image":"","background-repeat":"repeat","background-position":"center center","background-size":"auto","background-attachment":"scroll","background-type":"","background-media":"","overlay-type":"","overlay-color":"","overlay-opacity":"","overlay-gradient":""},"tablet":{"background-color":"var(--ast-global-color-4)","background-image":"","background-repeat":"repeat","background-position":"center center","background-size":"auto","background-attachment":"scroll","background-type":"","background-media":"","overlay-type":"","overlay-color":"","overlay-opacity":"","overlay-gradient":""},"mobile":{"background-color":"var(--ast-global-color-4)","background-image":"","background-repeat":"repeat","background-position":"center center","background-size":"auto","background-attachment":"scroll","background-type":"","background-media":"","overlay-type":"","overlay-color":"","overlay-opacity":"","overlay-gradient":""}},"footnotes":""},"class_list":["post-555","page","type-page","status-publish","hentry"],"yoast_head":"<!-- This site is optimized with the Yoast SEO plugin v26.0 - https:\/\/yoast.com\/wordpress\/plugins\/seo\/ -->\n<title>Farah Bouhout -<\/title>\n<meta name=\"robots\" content=\"index, follow, max-snippet:-1, max-image-preview:large, max-video-preview:-1\" \/>\n<link rel=\"canonical\" href=\"https:\/\/tangerfashionweek.com\/index.php\/farah-bouhout\/\" \/>\n<meta property=\"og:locale\" content=\"fr_FR\" \/>\n<meta property=\"og:type\" content=\"article\" \/>\n<meta property=\"og:title\" content=\"Farah Bouhout -\" \/>\n<meta property=\"og:description\" content=\"Nos Designers &gt; Farah Bouhout Farah Bouhout Maroc Farah Bouhout est n\u00e9e dans la ville multiculturelle de Tanger et a [&hellip;]\" \/>\n<meta property=\"og:url\" content=\"https:\/\/tangerfashionweek.com\/index.php\/farah-bouhout\/\" \/>\n<meta property=\"article:modified_time\" content=\"2025-10-03T10:22:32+00:00\" \/>\n<meta property=\"og:image\" content=\"https:\/\/tangerfashionweek.com\/wp-content\/uploads\/2025\/10\/Logo-1-e1759486936370.png\" \/>\n\t<meta property=\"og:image:width\" content=\"1000\" \/>\n\t<meta property=\"og:image:height\" content=\"397\" \/>\n\t<meta property=\"og:image:type\" content=\"image\/png\" \/>\n<meta name=\"twitter:card\" content=\"summary_large_image\" \/>\n<meta name=\"twitter:label1\" content=\"Dur\u00e9e de lecture estim\u00e9e\" \/>\n\t<meta name=\"twitter:data1\" content=\"2 minutes\" \/>\n<script type=\"application\/ld+json\" class=\"yoast-schema-graph\">{\"@context\":\"https:\/\/schema.org\",\"@graph\":[{\"@type\":\"WebPage\",\"@id\":\"https:\/\/tangerfashionweek.com\/index.php\/farah-bouhout\/\",\"url\":\"https:\/\/tangerfashionweek.com\/index.php\/farah-bouhout\/\",\"name\":\"Farah Bouhout -\",\"isPartOf\":{\"@id\":\"https:\/\/tangerfashionweek.com\/#website\"},\"primaryImageOfPage\":{\"@id\":\"https:\/\/tangerfashionweek.com\/index.php\/farah-bouhout\/#primaryimage\"},\"image\":{\"@id\":\"https:\/\/tangerfashionweek.com\/index.php\/farah-bouhout\/#primaryimage\"},\"thumbnailUrl\":\"https:\/\/tangerfashionweek.com\/wp-content\/uploads\/2025\/10\/Logo-1-e1759486936370-300x119.png\",\"datePublished\":\"2025-10-03T10:20:18+00:00\",\"dateModified\":\"2025-10-03T10:22:32+00:00\",\"breadcrumb\":{\"@id\":\"https:\/\/tangerfashionweek.com\/index.php\/farah-bouhout\/#breadcrumb\"},\"inLanguage\":\"fr-FR\",\"potentialAction\":[{\"@type\":\"ReadAction\",\"target\":[\"https:\/\/tangerfashionweek.com\/index.php\/farah-bouhout\/\"]}]},{\"@type\":\"ImageObject\",\"inLanguage\":\"fr-FR\",\"@id\":\"https:\/\/tangerfashionweek.com\/index.php\/farah-bouhout\/#primaryimage\",\"url\":\"https:\/\/tangerfashionweek.com\/wp-content\/uploads\/2025\/10\/Logo-1-e1759486936370.png\",\"contentUrl\":\"https:\/\/tangerfashionweek.com\/wp-content\/uploads\/2025\/10\/Logo-1-e1759486936370.png\",\"width\":1000,\"height\":397},{\"@type\":\"BreadcrumbList\",\"@id\":\"https:\/\/tangerfashionweek.com\/index.php\/farah-bouhout\/#breadcrumb\",\"itemListElement\":[{\"@type\":\"ListItem\",\"position\":1,\"name\":\"Accueil\",\"item\":\"https:\/\/tangerfashionweek.com\/\"},{\"@type\":\"ListItem\",\"position\":2,\"name\":\"Farah Bouhout\"}]},{\"@type\":\"WebSite\",\"@id\":\"https:\/\/tangerfashionweek.com\/#website\",\"url\":\"https:\/\/tangerfashionweek.com\/\",\"name\":\"\",\"description\":\"\",\"potentialAction\":[{\"@type\":\"SearchAction\",\"target\":{\"@type\":\"EntryPoint\",\"urlTemplate\":\"https:\/\/tangerfashionweek.com\/?s={search_term_string}\"},\"query-input\":{\"@type\":\"PropertyValueSpecification\",\"valueRequired\":true,\"valueName\":\"search_term_string\"}}],\"inLanguage\":\"fr-FR\"}]}<\/script>\n<!-- \/ Yoast SEO plugin. -->","yoast_head_json":{"title":"Farah Bouhout -","robots":{"index":"index","follow":"follow","max-snippet":"max-snippet:-1","max-image-preview":"max-image-preview:large","max-video-preview":"max-video-preview:-1"},"canonical":"https:\/\/tangerfashionweek.com\/index.php\/farah-bouhout\/","og_locale":"fr_FR","og_type":"article","og_title":"Farah Bouhout -","og_description":"Nos Designers &gt; Farah Bouhout Farah Bouhout Maroc Farah Bouhout est n\u00e9e dans la ville multiculturelle de Tanger et a [&hellip;]","og_url":"https:\/\/tangerfashionweek.com\/index.php\/farah-bouhout\/","article_modified_time":"2025-10-03T10:22:32+00:00","og_image":[{"width":1000,"height":397,"url":"https:\/\/tangerfashionweek.com\/wp-content\/uploads\/2025\/10\/Logo-1-e1759486936370.png","type":"image\/png"}],"twitter_card":"summary_large_image","twitter_misc":{"Dur\u00e9e de lecture estim\u00e9e":"2 minutes"},"schema":{"@context":"https:\/\/schema.org","@graph":[{"@type":"WebPage","@id":"https:\/\/tangerfashionweek.com\/index.php\/farah-bouhout\/","url":"https:\/\/tangerfashionweek.com\/index.php\/farah-bouhout\/","name":"Farah Bouhout -","isPartOf":{"@id":"https:\/\/tangerfashionweek.com\/#website"},"primaryImageOfPage":{"@id":"https:\/\/tangerfashionweek.com\/index.php\/farah-bouhout\/#primaryimage"},"image":{"@id":"https:\/\/tangerfashionweek.com\/index.php\/farah-bouhout\/#primaryimage"},"thumbnailUrl":"https:\/\/tangerfashionweek.com\/wp-content\/uploads\/2025\/10\/Logo-1-e1759486936370-300x119.png","datePublished":"2025-10-03T10:20:18+00:00","dateModified":"2025-10-03T10:22:32+00:00","breadcrumb":{"@id":"https:\/\/tangerfashionweek.com\/index.php\/farah-bouhout\/#breadcrumb"},"inLanguage":"fr-FR","potentialAction":[{"@type":"ReadAction","target":["https:\/\/tangerfashionweek.com\/index.php\/farah-bouhout\/"]}]},{"@type":"ImageObject","inLanguage":"fr-FR","@id":"https:\/\/tangerfashionweek.com\/index.php\/farah-bouhout\/#primaryimage","url":"https:\/\/tangerfashionweek.com\/wp-content\/uploads\/2025\/10\/Logo-1-e1759486936370.png","contentUrl":"https:\/\/tangerfashionweek.com\/wp-content\/uploads\/2025\/10\/Logo-1-e1759486936370.png","width":1000,"height":397},{"@type":"BreadcrumbList","@id":"https:\/\/tangerfashionweek.com\/index.php\/farah-bouhout\/#breadcrumb","itemListElement":[{"@type":"ListItem","position":1,"name":"Accueil","item":"https:\/\/tangerfashionweek.com\/"},{"@type":"ListItem","position":2,"name":"Farah Bouhout"}]},{"@type":"WebSite","@id":"https:\/\/tangerfashionweek.com\/#website","url":"https:\/\/tangerfashionweek.com\/","name":"","description":"","potentialAction":[{"@type":"SearchAction","target":{"@type":"EntryPoint","urlTemplate":"https:\/\/tangerfashionweek.com\/?s={search_term_string}"},"query-input":{"@type":"PropertyValueSpecification","valueRequired":true,"valueName":"search_term_string"}}],"inLanguage":"fr-FR"}]}},"_links":{"self":[{"href":"https:\/\/tangerfashionweek.com\/index.php\/wp-json\/wp\/v2\/pages\/555","targetHints":{"allow":["GET"]}}],"collection":[{"href":"https:\/\/tangerfashionweek.com\/index.php\/wp-json\/wp\/v2\/pages"}],"about":[{"href":"https:\/\/tangerfashionweek.com\/index.php\/wp-json\/wp\/v2\/types\/page"}],"author":[{"embeddable":true,"href":"https:\/\/tangerfashionweek.com\/index.php\/wp-json\/wp\/v2\/users\/1"}],"replies":[{"embeddable":true,"href":"https:\/\/tangerfashionweek.com\/index.php\/wp-json\/wp\/v2\/comments?post=555"}],"version-history":[{"count":7,"href":"https:\/\/tangerfashionweek.com\/index.php\/wp-json\/wp\/v2\/pages\/555\/revisions"}],"predecessor-version":[{"id":563,"href":"https:\/\/tangerfashionweek.com\/index.php\/wp-json\/wp\/v2\/pages\/555\/revisions\/563"}],"wp:attachment":[{"href":"https:\/\/tangerfashionweek.com\/index.php\/wp-json\/wp\/v2\/media?parent=555"}],"curies":[{"name":"wp","href":"https:\/\/api.w.org\/{rel}","templated":true}]}}