{"id":591,"date":"2025-10-03T12:43:15","date_gmt":"2025-10-03T10:43:15","guid":{"rendered":"https:\/\/tangerfashionweek.com\/?page_id=591"},"modified":"2025-10-03T12:44:42","modified_gmt":"2025-10-03T10:44:42","slug":"houda-serbouti","status":"publish","type":"page","link":"https:\/\/tangerfashionweek.com\/index.php\/houda-serbouti\/","title":{"rendered":"Houda Serbouti"},"content":{"rendered":"\t\t<div data-elementor-type=\"wp-page\" data-elementor-id=\"591\" class=\"elementor elementor-591\">\n\t\t\t\t\t\t<section class=\"elementor-section elementor-top-section elementor-element elementor-element-6241d73 elementor-section-content-middle elementor-section-full_width elementor-section-height-default elementor-section-height-default\" data-id=\"6241d73\" data-element_type=\"section\" data-settings=\"{&quot;background_background&quot;:&quot;classic&quot;}\">\n\t\t\t\t\t\t<div class=\"elementor-container elementor-column-gap-no\">\n\t\t\t\t\t<div class=\"elementor-column elementor-col-100 elementor-top-column elementor-element elementor-element-43c2f04\" data-id=\"43c2f04\" data-element_type=\"column\">\n\t\t\t<div class=\"elementor-widget-wrap elementor-element-populated\">\n\t\t\t\t\t\t<div class=\"elementor-element elementor-element-a1ab930 elementor-widget elementor-widget-heading\" data-id=\"a1ab930\" data-element_type=\"widget\" data-widget_type=\"heading.default\">\n\t\t\t\t<div class=\"elementor-widget-container\">\n\t\t\t\t\t<p class=\"elementor-heading-title elementor-size-default\">Nos Designers &gt; Houda Serbouti<\/p>\t\t\t\t<\/div>\n\t\t\t\t<\/div>\n\t\t\t\t<div class=\"elementor-element elementor-element-8d85791 elementor-widget elementor-widget-heading\" data-id=\"8d85791\" data-element_type=\"widget\" data-widget_type=\"heading.default\">\n\t\t\t\t<div class=\"elementor-widget-container\">\n\t\t\t\t\t<p class=\"elementor-heading-title elementor-size-default\">Houda Serbouti<\/p>\t\t\t\t<\/div>\n\t\t\t\t<\/div>\n\t\t\t\t<div class=\"elementor-element elementor-element-4057e84 elementor-widget elementor-widget-heading\" data-id=\"4057e84\" data-element_type=\"widget\" data-widget_type=\"heading.default\">\n\t\t\t\t<div class=\"elementor-widget-container\">\n\t\t\t\t\t<p class=\"elementor-heading-title elementor-size-default\">Maroc<\/p>\t\t\t\t<\/div>\n\t\t\t\t<\/div>\n\t\t\t\t<div class=\"elementor-element elementor-element-870d18c elementor-widget-divider--view-line elementor-widget elementor-widget-divider\" data-id=\"870d18c\" data-element_type=\"widget\" data-widget_type=\"divider.default\">\n\t\t\t\t<div class=\"elementor-widget-container\">\n\t\t\t\t\t\t\t<div class=\"elementor-divider\">\n\t\t\t<span class=\"elementor-divider-separator\">\n\t\t\t\t\t\t<\/span>\n\t\t<\/div>\n\t\t\t\t\t\t<\/div>\n\t\t\t\t<\/div>\n\t\t\t\t\t<\/div>\n\t\t<\/div>\n\t\t\t\t\t<\/div>\n\t\t<\/section>\n\t\t\t\t<section class=\"elementor-section elementor-top-section elementor-element elementor-element-0xiwu4a elementor-section-content-middle elementor-section-full_width elementor-section-height-default elementor-section-height-default\" data-id=\"0xiwu4a\" data-element_type=\"section\" data-settings=\"{&quot;background_background&quot;:&quot;classic&quot;}\">\n\t\t\t\t\t\t<div class=\"elementor-container elementor-column-gap-wide\">\n\t\t\t\t\t<div class=\"elementor-column elementor-col-50 elementor-top-column elementor-element elementor-element-fc55efe\" data-id=\"fc55efe\" data-element_type=\"column\">\n\t\t\t<div class=\"elementor-widget-wrap elementor-element-populated\">\n\t\t\t\t\t\t<div class=\"elementor-element elementor-element-a336775 elementor-widget elementor-widget-text-editor\" data-id=\"a336775\" data-element_type=\"widget\" data-widget_type=\"text-editor.default\">\n\t\t\t\t<div class=\"elementor-widget-container\">\n\t\t\t\t\t\t\t\t\t<p><span style=\"font-weight: 400;\">Figure de la mode marocaine contemporaine, Houda Serbouti s\u2019est impos\u00e9e comme l\u2019une des stylistes les plus remarqu\u00e9es de sa g\u00e9n\u00e9ration. Dipl\u00f4m\u00e9e en business administration, elle choisit de suivre sa passion pour le caftan, qu\u2019elle consid\u00e8re comme une v\u00e9ritable vocation.<\/span><\/p><p><span style=\"font-weight: 400;\">\u00c0 travers ses cr\u00e9ations, elle c\u00e9l\u00e8bre une f\u00e9minit\u00e9 affirm\u00e9e, d\u00e9licate et r\u00e9solument moderne. Son style, reconnaissable entre tous, marie avec subtilit\u00e9 le raffinement des traditions marocaines \u00e0 une touche de glamour assum\u00e9. Mettant \u00e0 l\u2019honneur les mati\u00e8res fluides comme la soie et la mousseline, elle joue avec les couleurs, les volumes et les broderies pour sublimer le corps f\u00e9minin avec gr\u00e2ce et justesse.<\/span><\/p><p><span style=\"font-weight: 400;\">Entre \u00e9motion, intuition et h\u00e9ritage, Houda Serbouti r\u00e9invente le caftan comme une ode vivante \u00e0 la femme d\u2019aujourd\u2019hui.<\/span><\/p>\t\t\t\t\t\t\t\t<\/div>\n\t\t\t\t<\/div>\n\t\t\t\t\t<\/div>\n\t\t<\/div>\n\t\t\t\t<div class=\"elementor-column elementor-col-50 elementor-top-column elementor-element elementor-element-6492811\" data-id=\"6492811\" data-element_type=\"column\">\n\t\t\t<div class=\"elementor-widget-wrap elementor-element-populated\">\n\t\t\t\t\t\t<div class=\"elementor-element elementor-element-270c20c elementor-widget elementor-widget-image\" data-id=\"270c20c\" data-element_type=\"widget\" data-widget_type=\"image.default\">\n\t\t\t\t<div class=\"elementor-widget-container\">\n\t\t\t\t\t\t\t\t\t\t\t\t\t\t\t<img decoding=\"async\" width=\"150\" height=\"150\" src=\"https:\/\/tangerfashionweek.com\/wp-content\/uploads\/2025\/10\/Houda-Serbouti-150x150.png\" class=\"attachment-thumbnail size-thumbnail wp-image-593\" alt=\"\" srcset=\"https:\/\/tangerfashionweek.com\/wp-content\/uploads\/2025\/10\/Houda-Serbouti-150x150.png 150w, https:\/\/tangerfashionweek.com\/wp-content\/uploads\/2025\/10\/Houda-Serbouti-300x300.png 300w, https:\/\/tangerfashionweek.com\/wp-content\/uploads\/2025\/10\/Houda-Serbouti-768x768.png 768w, https:\/\/tangerfashionweek.com\/wp-content\/uploads\/2025\/10\/Houda-Serbouti.png 1000w\" sizes=\"(max-width: 150px) 100vw, 150px\" \/>\t\t\t\t\t\t\t\t\t\t\t\t\t\t\t<\/div>\n\t\t\t\t<\/div>\n\t\t\t\t<div class=\"elementor-element elementor-element-9429ba1 elementor-widget elementor-widget-text-editor\" data-id=\"9429ba1\" data-element_type=\"widget\" data-widget_type=\"text-editor.default\">\n\t\t\t\t<div class=\"elementor-widget-container\">\n\t\t\t\t\t\t\t\t\t<p><span style=\"font-weight: 400;\"><strong>Instagram :<br \/><\/strong><\/span><span style=\"font-weight: 400;\">@<\/span><span style=\"font-weight: 400;\">serbouti_houda<\/span> <b><\/b><\/p><p><span style=\"font-weight: 400;\">\u00a0<\/span><\/p>\t\t\t\t\t\t\t\t<\/div>\n\t\t\t\t<\/div>\n\t\t\t\t\t<\/div>\n\t\t<\/div>\n\t\t\t\t\t<\/div>\n\t\t<\/section>\n\t\t\t\t<section class=\"elementor-section elementor-top-section elementor-element elementor-element-a45f66b elementor-section-content-middle elementor-section-full_width elementor-section-height-default elementor-section-height-default\" data-id=\"a45f66b\" data-element_type=\"section\" data-settings=\"{&quot;background_background&quot;:&quot;classic&quot;}\">\n\t\t\t\t\t\t<div class=\"elementor-container elementor-column-gap-no\">\n\t\t\t\t\t<div class=\"elementor-column elementor-col-100 elementor-top-column elementor-element elementor-element-2a520af\" data-id=\"2a520af\" data-element_type=\"column\">\n\t\t\t<div class=\"elementor-widget-wrap elementor-element-populated\">\n\t\t\t\t\t\t<div class=\"elementor-element elementor-element-03ab6d1 elementor-widget elementor-widget-heading\" data-id=\"03ab6d1\" data-element_type=\"widget\" data-widget_type=\"heading.default\">\n\t\t\t\t<div class=\"elementor-widget-container\">\n\t\t\t\t\t<p class=\"elementor-heading-title elementor-size-default\">Collections<\/p>\t\t\t\t<\/div>\n\t\t\t\t<\/div>\n\t\t\t\t<div class=\"elementor-element elementor-element-ced1a3c elementor-widget-divider--view-line elementor-widget elementor-widget-divider\" data-id=\"ced1a3c\" data-element_type=\"widget\" data-widget_type=\"divider.default\">\n\t\t\t\t<div class=\"elementor-widget-container\">\n\t\t\t\t\t\t\t<div class=\"elementor-divider\">\n\t\t\t<span class=\"elementor-divider-separator\">\n\t\t\t\t\t\t<\/span>\n\t\t<\/div>\n\t\t\t\t\t\t<\/div>\n\t\t\t\t<\/div>\n\t\t\t\t\t<\/div>\n\t\t<\/div>\n\t\t\t\t\t<\/div>\n\t\t<\/section>\n\t\t\t\t<section class=\"elementor-section elementor-top-section elementor-element elementor-element-f7ac284 elementor-section-content-middle elementor-section-full_width elementor-section-height-default elementor-section-height-default\" data-id=\"f7ac284\" data-element_type=\"section\" data-settings=\"{&quot;background_background&quot;:&quot;classic&quot;}\">\n\t\t\t\t\t\t<div class=\"elementor-container elementor-column-gap-wide\">\n\t\t\t\t\t<div class=\"elementor-column elementor-col-100 elementor-top-column elementor-element elementor-element-14fccf4\" data-id=\"14fccf4\" data-element_type=\"column\">\n\t\t\t<div class=\"elementor-widget-wrap elementor-element-populated\">\n\t\t\t\t\t\t<div class=\"elementor-element elementor-element-b2eb5ca elementor-widget elementor-widget-text-editor\" data-id=\"b2eb5ca\" data-element_type=\"widget\" data-widget_type=\"text-editor.default\">\n\t\t\t\t<div class=\"elementor-widget-container\">\n\t\t\t\t\t\t\t\t\t<p><strong>Tanger Fashion Week 2025 | 14.06.2025<\/strong><\/p>\t\t\t\t\t\t\t\t<\/div>\n\t\t\t\t<\/div>\n\t\t\t\t<div class=\"elementor-element elementor-element-4f37f80 elementor-widget__width-initial elementor-widget elementor-widget-video\" data-id=\"4f37f80\" data-element_type=\"widget\" data-settings=\"{&quot;youtube_url&quot;:&quot;https:\\\/\\\/www.youtube.com\\\/watch?v=UxOK6gl2aOA&quot;,&quot;video_type&quot;:&quot;youtube&quot;,&quot;controls&quot;:&quot;yes&quot;}\" data-widget_type=\"video.default\">\n\t\t\t\t<div class=\"elementor-widget-container\">\n\t\t\t\t\t\t\t<div class=\"elementor-wrapper elementor-open-inline\">\n\t\t\t<div class=\"elementor-video\"><\/div>\t\t<\/div>\n\t\t\t\t\t\t<\/div>\n\t\t\t\t<\/div>\n\t\t\t\t\t<\/div>\n\t\t<\/div>\n\t\t\t\t\t<\/div>\n\t\t<\/section>\n\t\t\t\t<\/div>\n\t\t","protected":false},"excerpt":{"rendered":"<p>Nos Designers &gt; Houda Serbouti Houda Serbouti Maroc Figure de la mode marocaine contemporaine, Houda Serbouti s\u2019est impos\u00e9e comme l\u2019une [&hellip;]<\/p>\n","protected":false},"author":1,"featured_media":0,"parent":0,"menu_order":0,"comment_status":"closed","ping_status":"closed","template":"elementor_header_footer","meta":{"site-sidebar-layout":"no-sidebar","site-content-layout":"","ast-site-content-layout":"full-width-container","site-content-style":"default","site-sidebar-style":"default","ast-global-header-display":"","ast-banner-title-visibility":"","ast-main-header-display":"","ast-hfb-above-header-display":"","ast-hfb-below-header-display":"","ast-hfb-mobile-header-display":"","site-post-title":"disabled","ast-breadcrumbs-content":"","ast-featured-img":"disabled","footer-sml-layout":"","theme-transparent-header-meta":"","adv-header-id-meta":"","stick-header-meta":"","header-above-stick-meta":"","header-main-stick-meta":"","header-below-stick-meta":"","astra-migrate-meta-layouts":"default","ast-page-background-enabled":"default","ast-page-background-meta":{"desktop":{"background-color":"var(--ast-global-color-5)","background-image":"","background-repeat":"repeat","background-position":"center center","background-size":"auto","background-attachment":"scroll","background-type":"","background-media":"","overlay-type":"","overlay-color":"","overlay-opacity":"","overlay-gradient":""},"tablet":{"background-color":"","background-image":"","background-repeat":"repeat","background-position":"center center","background-size":"auto","background-attachment":"scroll","background-type":"","background-media":"","overlay-type":"","overlay-color":"","overlay-opacity":"","overlay-gradient":""},"mobile":{"background-color":"","background-image":"","background-repeat":"repeat","background-position":"center center","background-size":"auto","background-attachment":"scroll","background-type":"","background-media":"","overlay-type":"","overlay-color":"","overlay-opacity":"","overlay-gradient":""}},"ast-content-background-meta":{"desktop":{"background-color":"var(--ast-global-color-4)","background-image":"","background-repeat":"repeat","background-position":"center center","background-size":"auto","background-attachment":"scroll","background-type":"","background-media":"","overlay-type":"","overlay-color":"","overlay-opacity":"","overlay-gradient":""},"tablet":{"background-color":"var(--ast-global-color-4)","background-image":"","background-repeat":"repeat","background-position":"center center","background-size":"auto","background-attachment":"scroll","background-type":"","background-media":"","overlay-type":"","overlay-color":"","overlay-opacity":"","overlay-gradient":""},"mobile":{"background-color":"var(--ast-global-color-4)","background-image":"","background-repeat":"repeat","background-position":"center center","background-size":"auto","background-attachment":"scroll","background-type":"","background-media":"","overlay-type":"","overlay-color":"","overlay-opacity":"","overlay-gradient":""}},"footnotes":""},"class_list":["post-591","page","type-page","status-publish","hentry"],"yoast_head":"<!-- This site is optimized with the Yoast SEO plugin v26.0 - https:\/\/yoast.com\/wordpress\/plugins\/seo\/ -->\n<title>Houda Serbouti -<\/title>\n<meta name=\"robots\" content=\"index, follow, max-snippet:-1, max-image-preview:large, max-video-preview:-1\" \/>\n<link rel=\"canonical\" href=\"https:\/\/tangerfashionweek.com\/index.php\/houda-serbouti\/\" \/>\n<meta property=\"og:locale\" content=\"fr_FR\" \/>\n<meta property=\"og:type\" content=\"article\" \/>\n<meta property=\"og:title\" content=\"Houda Serbouti -\" \/>\n<meta property=\"og:description\" content=\"Nos Designers &gt; Houda Serbouti Houda Serbouti Maroc Figure de la mode marocaine contemporaine, Houda Serbouti s\u2019est impos\u00e9e comme l\u2019une [&hellip;]\" \/>\n<meta property=\"og:url\" content=\"https:\/\/tangerfashionweek.com\/index.php\/houda-serbouti\/\" \/>\n<meta property=\"article:modified_time\" content=\"2025-10-03T10:44:42+00:00\" \/>\n<meta property=\"og:image\" content=\"https:\/\/tangerfashionweek.com\/wp-content\/uploads\/2025\/10\/Houda-Serbouti.png\" \/>\n\t<meta property=\"og:image:width\" content=\"1000\" \/>\n\t<meta property=\"og:image:height\" content=\"1000\" \/>\n\t<meta property=\"og:image:type\" content=\"image\/png\" \/>\n<meta name=\"twitter:card\" content=\"summary_large_image\" \/>\n<meta name=\"twitter:label1\" content=\"Dur\u00e9e de lecture estim\u00e9e\" \/>\n\t<meta name=\"twitter:data1\" content=\"1 minute\" \/>\n<script type=\"application\/ld+json\" class=\"yoast-schema-graph\">{\"@context\":\"https:\/\/schema.org\",\"@graph\":[{\"@type\":\"WebPage\",\"@id\":\"https:\/\/tangerfashionweek.com\/index.php\/houda-serbouti\/\",\"url\":\"https:\/\/tangerfashionweek.com\/index.php\/houda-serbouti\/\",\"name\":\"Houda Serbouti -\",\"isPartOf\":{\"@id\":\"https:\/\/tangerfashionweek.com\/#website\"},\"primaryImageOfPage\":{\"@id\":\"https:\/\/tangerfashionweek.com\/index.php\/houda-serbouti\/#primaryimage\"},\"image\":{\"@id\":\"https:\/\/tangerfashionweek.com\/index.php\/houda-serbouti\/#primaryimage\"},\"thumbnailUrl\":\"https:\/\/tangerfashionweek.com\/wp-content\/uploads\/2025\/10\/Houda-Serbouti-150x150.png\",\"datePublished\":\"2025-10-03T10:43:15+00:00\",\"dateModified\":\"2025-10-03T10:44:42+00:00\",\"breadcrumb\":{\"@id\":\"https:\/\/tangerfashionweek.com\/index.php\/houda-serbouti\/#breadcrumb\"},\"inLanguage\":\"fr-FR\",\"potentialAction\":[{\"@type\":\"ReadAction\",\"target\":[\"https:\/\/tangerfashionweek.com\/index.php\/houda-serbouti\/\"]}]},{\"@type\":\"ImageObject\",\"inLanguage\":\"fr-FR\",\"@id\":\"https:\/\/tangerfashionweek.com\/index.php\/houda-serbouti\/#primaryimage\",\"url\":\"https:\/\/tangerfashionweek.com\/wp-content\/uploads\/2025\/10\/Houda-Serbouti.png\",\"contentUrl\":\"https:\/\/tangerfashionweek.com\/wp-content\/uploads\/2025\/10\/Houda-Serbouti.png\",\"width\":1000,\"height\":1000},{\"@type\":\"BreadcrumbList\",\"@id\":\"https:\/\/tangerfashionweek.com\/index.php\/houda-serbouti\/#breadcrumb\",\"itemListElement\":[{\"@type\":\"ListItem\",\"position\":1,\"name\":\"Accueil\",\"item\":\"https:\/\/tangerfashionweek.com\/\"},{\"@type\":\"ListItem\",\"position\":2,\"name\":\"Houda Serbouti\"}]},{\"@type\":\"WebSite\",\"@id\":\"https:\/\/tangerfashionweek.com\/#website\",\"url\":\"https:\/\/tangerfashionweek.com\/\",\"name\":\"\",\"description\":\"\",\"potentialAction\":[{\"@type\":\"SearchAction\",\"target\":{\"@type\":\"EntryPoint\",\"urlTemplate\":\"https:\/\/tangerfashionweek.com\/?s={search_term_string}\"},\"query-input\":{\"@type\":\"PropertyValueSpecification\",\"valueRequired\":true,\"valueName\":\"search_term_string\"}}],\"inLanguage\":\"fr-FR\"}]}<\/script>\n<!-- \/ Yoast SEO plugin. -->","yoast_head_json":{"title":"Houda Serbouti -","robots":{"index":"index","follow":"follow","max-snippet":"max-snippet:-1","max-image-preview":"max-image-preview:large","max-video-preview":"max-video-preview:-1"},"canonical":"https:\/\/tangerfashionweek.com\/index.php\/houda-serbouti\/","og_locale":"fr_FR","og_type":"article","og_title":"Houda Serbouti -","og_description":"Nos Designers &gt; Houda Serbouti Houda Serbouti Maroc Figure de la mode marocaine contemporaine, Houda Serbouti s\u2019est impos\u00e9e comme l\u2019une [&hellip;]","og_url":"https:\/\/tangerfashionweek.com\/index.php\/houda-serbouti\/","article_modified_time":"2025-10-03T10:44:42+00:00","og_image":[{"width":1000,"height":1000,"url":"https:\/\/tangerfashionweek.com\/wp-content\/uploads\/2025\/10\/Houda-Serbouti.png","type":"image\/png"}],"twitter_card":"summary_large_image","twitter_misc":{"Dur\u00e9e de lecture estim\u00e9e":"1 minute"},"schema":{"@context":"https:\/\/schema.org","@graph":[{"@type":"WebPage","@id":"https:\/\/tangerfashionweek.com\/index.php\/houda-serbouti\/","url":"https:\/\/tangerfashionweek.com\/index.php\/houda-serbouti\/","name":"Houda Serbouti -","isPartOf":{"@id":"https:\/\/tangerfashionweek.com\/#website"},"primaryImageOfPage":{"@id":"https:\/\/tangerfashionweek.com\/index.php\/houda-serbouti\/#primaryimage"},"image":{"@id":"https:\/\/tangerfashionweek.com\/index.php\/houda-serbouti\/#primaryimage"},"thumbnailUrl":"https:\/\/tangerfashionweek.com\/wp-content\/uploads\/2025\/10\/Houda-Serbouti-150x150.png","datePublished":"2025-10-03T10:43:15+00:00","dateModified":"2025-10-03T10:44:42+00:00","breadcrumb":{"@id":"https:\/\/tangerfashionweek.com\/index.php\/houda-serbouti\/#breadcrumb"},"inLanguage":"fr-FR","potentialAction":[{"@type":"ReadAction","target":["https:\/\/tangerfashionweek.com\/index.php\/houda-serbouti\/"]}]},{"@type":"ImageObject","inLanguage":"fr-FR","@id":"https:\/\/tangerfashionweek.com\/index.php\/houda-serbouti\/#primaryimage","url":"https:\/\/tangerfashionweek.com\/wp-content\/uploads\/2025\/10\/Houda-Serbouti.png","contentUrl":"https:\/\/tangerfashionweek.com\/wp-content\/uploads\/2025\/10\/Houda-Serbouti.png","width":1000,"height":1000},{"@type":"BreadcrumbList","@id":"https:\/\/tangerfashionweek.com\/index.php\/houda-serbouti\/#breadcrumb","itemListElement":[{"@type":"ListItem","position":1,"name":"Accueil","item":"https:\/\/tangerfashionweek.com\/"},{"@type":"ListItem","position":2,"name":"Houda Serbouti"}]},{"@type":"WebSite","@id":"https:\/\/tangerfashionweek.com\/#website","url":"https:\/\/tangerfashionweek.com\/","name":"","description":"","potentialAction":[{"@type":"SearchAction","target":{"@type":"EntryPoint","urlTemplate":"https:\/\/tangerfashionweek.com\/?s={search_term_string}"},"query-input":{"@type":"PropertyValueSpecification","valueRequired":true,"valueName":"search_term_string"}}],"inLanguage":"fr-FR"}]}},"_links":{"self":[{"href":"https:\/\/tangerfashionweek.com\/index.php\/wp-json\/wp\/v2\/pages\/591","targetHints":{"allow":["GET"]}}],"collection":[{"href":"https:\/\/tangerfashionweek.com\/index.php\/wp-json\/wp\/v2\/pages"}],"about":[{"href":"https:\/\/tangerfashionweek.com\/index.php\/wp-json\/wp\/v2\/types\/page"}],"author":[{"embeddable":true,"href":"https:\/\/tangerfashionweek.com\/index.php\/wp-json\/wp\/v2\/users\/1"}],"replies":[{"embeddable":true,"href":"https:\/\/tangerfashionweek.com\/index.php\/wp-json\/wp\/v2\/comments?post=591"}],"version-history":[{"count":7,"href":"https:\/\/tangerfashionweek.com\/index.php\/wp-json\/wp\/v2\/pages\/591\/revisions"}],"predecessor-version":[{"id":599,"href":"https:\/\/tangerfashionweek.com\/index.php\/wp-json\/wp\/v2\/pages\/591\/revisions\/599"}],"wp:attachment":[{"href":"https:\/\/tangerfashionweek.com\/index.php\/wp-json\/wp\/v2\/media?parent=591"}],"curies":[{"name":"wp","href":"https:\/\/api.w.org\/{rel}","templated":true}]}}