{"id":672,"date":"2025-10-03T14:06:11","date_gmt":"2025-10-03T12:06:11","guid":{"rendered":"https:\/\/tangerfashionweek.com\/?page_id=672"},"modified":"2025-10-03T14:07:24","modified_gmt":"2025-10-03T12:07:24","slug":"nouha-senhaji-rhazi","status":"publish","type":"page","link":"https:\/\/tangerfashionweek.com\/index.php\/nouha-senhaji-rhazi\/","title":{"rendered":"Nouha Senhaji Rhazi"},"content":{"rendered":"\t\t<div data-elementor-type=\"wp-page\" data-elementor-id=\"672\" class=\"elementor elementor-672\">\n\t\t\t\t\t\t<section class=\"elementor-section elementor-top-section elementor-element elementor-element-6241d73 elementor-section-content-middle elementor-section-full_width elementor-section-height-default elementor-section-height-default\" data-id=\"6241d73\" data-element_type=\"section\" data-settings=\"{&quot;background_background&quot;:&quot;classic&quot;}\">\n\t\t\t\t\t\t<div class=\"elementor-container elementor-column-gap-no\">\n\t\t\t\t\t<div class=\"elementor-column elementor-col-100 elementor-top-column elementor-element elementor-element-43c2f04\" data-id=\"43c2f04\" data-element_type=\"column\">\n\t\t\t<div class=\"elementor-widget-wrap elementor-element-populated\">\n\t\t\t\t\t\t<div class=\"elementor-element elementor-element-a1ab930 elementor-widget elementor-widget-heading\" data-id=\"a1ab930\" data-element_type=\"widget\" data-widget_type=\"heading.default\">\n\t\t\t\t<div class=\"elementor-widget-container\">\n\t\t\t\t\t<p class=\"elementor-heading-title elementor-size-default\">Nos Designers &gt; Nouha Senhaji Rhazi - Academie de mode casablanca<\/p>\t\t\t\t<\/div>\n\t\t\t\t<\/div>\n\t\t\t\t<div class=\"elementor-element elementor-element-8d85791 elementor-widget elementor-widget-heading\" data-id=\"8d85791\" data-element_type=\"widget\" data-widget_type=\"heading.default\">\n\t\t\t\t<div class=\"elementor-widget-container\">\n\t\t\t\t\t<p class=\"elementor-heading-title elementor-size-default\">Nouha Senhaji Rhazi - Academie de mode casablanca<\/p>\t\t\t\t<\/div>\n\t\t\t\t<\/div>\n\t\t\t\t<div class=\"elementor-element elementor-element-4057e84 elementor-widget elementor-widget-heading\" data-id=\"4057e84\" data-element_type=\"widget\" data-widget_type=\"heading.default\">\n\t\t\t\t<div class=\"elementor-widget-container\">\n\t\t\t\t\t<p class=\"elementor-heading-title elementor-size-default\">Maroc<\/p>\t\t\t\t<\/div>\n\t\t\t\t<\/div>\n\t\t\t\t<div class=\"elementor-element elementor-element-870d18c elementor-widget-divider--view-line elementor-widget elementor-widget-divider\" data-id=\"870d18c\" data-element_type=\"widget\" data-widget_type=\"divider.default\">\n\t\t\t\t<div class=\"elementor-widget-container\">\n\t\t\t\t\t\t\t<div class=\"elementor-divider\">\n\t\t\t<span class=\"elementor-divider-separator\">\n\t\t\t\t\t\t<\/span>\n\t\t<\/div>\n\t\t\t\t\t\t<\/div>\n\t\t\t\t<\/div>\n\t\t\t\t\t<\/div>\n\t\t<\/div>\n\t\t\t\t\t<\/div>\n\t\t<\/section>\n\t\t\t\t<section class=\"elementor-section elementor-top-section elementor-element elementor-element-0xiwu4a elementor-section-content-middle elementor-section-full_width elementor-section-height-default elementor-section-height-default\" data-id=\"0xiwu4a\" data-element_type=\"section\" data-settings=\"{&quot;background_background&quot;:&quot;classic&quot;}\">\n\t\t\t\t\t\t<div class=\"elementor-container elementor-column-gap-wide\">\n\t\t\t\t\t<div class=\"elementor-column elementor-col-50 elementor-top-column elementor-element elementor-element-fc55efe\" data-id=\"fc55efe\" data-element_type=\"column\">\n\t\t\t<div class=\"elementor-widget-wrap elementor-element-populated\">\n\t\t\t\t\t\t<div class=\"elementor-element elementor-element-a336775 elementor-widget elementor-widget-text-editor\" data-id=\"a336775\" data-element_type=\"widget\" data-widget_type=\"text-editor.default\">\n\t\t\t\t<div class=\"elementor-widget-container\">\n\t\t\t\t\t\t\t\t\t<p><span style=\"font-weight: 400;\">Nouha Senhaji, cr\u00e9atrice bas\u00e9e \u00e0 Casablanca pense que la mode ne se r\u00e9sume pas aux v\u00eatements : ce qui l\u2019inspire, c\u2019est ce qu\u2019ils nous font ressentir et ce qu\u2019ils r\u00e9v\u00e8lent de nous, sans avoir besoin de mots.<\/span><\/p><p><span style=\"font-weight: 400;\">Elle a \u00e9tudi\u00e9 la psychologie de la mode au London College of Fashion pour mieux comprendre ce lien invisible entre une personne et ce qu\u2019elle porte. De retour \u00e0 Casablanca, elle s&rsquo;est form\u00e9e au design \u00e0 l\u2019Acad\u00e9mie de Mode Casablanca, o\u00f9 elle a appris \u00e0 traduire ces \u00e9motions en cr\u00e9ations.<\/span><\/p><p><span style=\"font-weight: 400;\">Ce qui la touche le plus dans la mode, c\u2019est sa dimension intime. C\u2019est pour cela que la lingerie lui parle autant. Son univers s&rsquo;inspire du vintage, avec une tendresse pour les ann\u00e9es 50, et une touche d\u2019imaginaire pour cr\u00e9er des pi\u00e8ces de r\u00eave. Pour elle, la mode est un langage personnel. Elle permet de dire qui l\u2019on est, de transmettre des \u00e9motions et de raconter une histoire inspir\u00e9e du pass\u00e9 et de notre monde int\u00e9rieur.<\/span><\/p>\t\t\t\t\t\t\t\t<\/div>\n\t\t\t\t<\/div>\n\t\t\t\t\t<\/div>\n\t\t<\/div>\n\t\t\t\t<div class=\"elementor-column elementor-col-50 elementor-top-column elementor-element elementor-element-6492811\" data-id=\"6492811\" data-element_type=\"column\">\n\t\t\t<div class=\"elementor-widget-wrap elementor-element-populated\">\n\t\t\t\t\t\t<div class=\"elementor-element elementor-element-270c20c elementor-widget elementor-widget-image\" data-id=\"270c20c\" data-element_type=\"widget\" data-widget_type=\"image.default\">\n\t\t\t\t<div class=\"elementor-widget-container\">\n\t\t\t\t\t\t\t\t\t\t\t\t\t\t\t<img decoding=\"async\" width=\"150\" height=\"150\" src=\"https:\/\/tangerfashionweek.com\/wp-content\/uploads\/2025\/10\/Academie-de-mode-Casablanca-150x150.png\" class=\"attachment-thumbnail size-thumbnail wp-image-674\" alt=\"\" srcset=\"https:\/\/tangerfashionweek.com\/wp-content\/uploads\/2025\/10\/Academie-de-mode-Casablanca-150x150.png 150w, https:\/\/tangerfashionweek.com\/wp-content\/uploads\/2025\/10\/Academie-de-mode-Casablanca-300x300.png 300w, https:\/\/tangerfashionweek.com\/wp-content\/uploads\/2025\/10\/Academie-de-mode-Casablanca-768x768.png 768w, https:\/\/tangerfashionweek.com\/wp-content\/uploads\/2025\/10\/Academie-de-mode-Casablanca.png 1000w\" sizes=\"(max-width: 150px) 100vw, 150px\" \/>\t\t\t\t\t\t\t\t\t\t\t\t\t\t\t<\/div>\n\t\t\t\t<\/div>\n\t\t\t\t<div class=\"elementor-element elementor-element-9429ba1 elementor-widget elementor-widget-text-editor\" data-id=\"9429ba1\" data-element_type=\"widget\" data-widget_type=\"text-editor.default\">\n\t\t\t\t<div class=\"elementor-widget-container\">\n\t\t\t\t\t\t\t\t\t<p><span style=\"font-weight: 400;\"><strong>Instagram :<br \/><\/strong><\/span><span style=\"font-weight: 400;\">@academy_de_mode_casablanca<\/span><\/p><p><b>Site web :\u00a0<br \/><a href=\"https:\/\/www.zoubidasbaicouture.com\"><span style=\"font-weight: 400;\">www.cma.ma<\/span><\/a><br \/><\/b><\/p><p><span style=\"font-weight: 400;\">\u00a0<\/span><\/p>\t\t\t\t\t\t\t\t<\/div>\n\t\t\t\t<\/div>\n\t\t\t\t\t<\/div>\n\t\t<\/div>\n\t\t\t\t\t<\/div>\n\t\t<\/section>\n\t\t\t\t<section class=\"elementor-section elementor-top-section elementor-element elementor-element-a45f66b elementor-section-content-middle elementor-section-full_width elementor-section-height-default elementor-section-height-default\" data-id=\"a45f66b\" data-element_type=\"section\" data-settings=\"{&quot;background_background&quot;:&quot;classic&quot;}\">\n\t\t\t\t\t\t<div class=\"elementor-container elementor-column-gap-no\">\n\t\t\t\t\t<div class=\"elementor-column elementor-col-100 elementor-top-column elementor-element elementor-element-2a520af\" data-id=\"2a520af\" data-element_type=\"column\">\n\t\t\t<div class=\"elementor-widget-wrap elementor-element-populated\">\n\t\t\t\t\t\t<div class=\"elementor-element elementor-element-03ab6d1 elementor-widget elementor-widget-heading\" data-id=\"03ab6d1\" data-element_type=\"widget\" data-widget_type=\"heading.default\">\n\t\t\t\t<div class=\"elementor-widget-container\">\n\t\t\t\t\t<p class=\"elementor-heading-title elementor-size-default\">Collections<\/p>\t\t\t\t<\/div>\n\t\t\t\t<\/div>\n\t\t\t\t<div class=\"elementor-element elementor-element-ced1a3c elementor-widget-divider--view-line elementor-widget elementor-widget-divider\" data-id=\"ced1a3c\" data-element_type=\"widget\" data-widget_type=\"divider.default\">\n\t\t\t\t<div class=\"elementor-widget-container\">\n\t\t\t\t\t\t\t<div class=\"elementor-divider\">\n\t\t\t<span class=\"elementor-divider-separator\">\n\t\t\t\t\t\t<\/span>\n\t\t<\/div>\n\t\t\t\t\t\t<\/div>\n\t\t\t\t<\/div>\n\t\t\t\t\t<\/div>\n\t\t<\/div>\n\t\t\t\t\t<\/div>\n\t\t<\/section>\n\t\t\t\t<section class=\"elementor-section elementor-top-section elementor-element elementor-element-f7ac284 elementor-section-content-middle elementor-section-full_width elementor-section-height-default elementor-section-height-default\" data-id=\"f7ac284\" data-element_type=\"section\" data-settings=\"{&quot;background_background&quot;:&quot;classic&quot;}\">\n\t\t\t\t\t\t<div class=\"elementor-container elementor-column-gap-wide\">\n\t\t\t\t\t<div class=\"elementor-column elementor-col-100 elementor-top-column elementor-element elementor-element-14fccf4\" data-id=\"14fccf4\" data-element_type=\"column\">\n\t\t\t<div class=\"elementor-widget-wrap elementor-element-populated\">\n\t\t\t\t\t\t<div class=\"elementor-element elementor-element-b2eb5ca elementor-widget elementor-widget-text-editor\" data-id=\"b2eb5ca\" data-element_type=\"widget\" data-widget_type=\"text-editor.default\">\n\t\t\t\t<div class=\"elementor-widget-container\">\n\t\t\t\t\t\t\t\t\t<p><strong>Tanger Fashion Week 2025 | 13.06.2025<\/strong><\/p>\t\t\t\t\t\t\t\t<\/div>\n\t\t\t\t<\/div>\n\t\t\t\t<div class=\"elementor-element elementor-element-4f37f80 elementor-widget__width-initial elementor-widget elementor-widget-video\" data-id=\"4f37f80\" data-element_type=\"widget\" data-settings=\"{&quot;youtube_url&quot;:&quot;https:\\\/\\\/www.youtube.com\\\/watch?v=qVuk-kO7RNA&quot;,&quot;video_type&quot;:&quot;youtube&quot;,&quot;controls&quot;:&quot;yes&quot;}\" data-widget_type=\"video.default\">\n\t\t\t\t<div class=\"elementor-widget-container\">\n\t\t\t\t\t\t\t<div class=\"elementor-wrapper elementor-open-inline\">\n\t\t\t<div class=\"elementor-video\"><\/div>\t\t<\/div>\n\t\t\t\t\t\t<\/div>\n\t\t\t\t<\/div>\n\t\t\t\t\t<\/div>\n\t\t<\/div>\n\t\t\t\t\t<\/div>\n\t\t<\/section>\n\t\t\t\t<\/div>\n\t\t","protected":false},"excerpt":{"rendered":"<p>Nos Designers &gt; Nouha Senhaji Rhazi &#8211; Academie de mode casablanca Nouha Senhaji Rhazi &#8211; Academie de mode casablanca Maroc [&hellip;]<\/p>\n","protected":false},"author":1,"featured_media":0,"parent":0,"menu_order":0,"comment_status":"closed","ping_status":"closed","template":"elementor_header_footer","meta":{"site-sidebar-layout":"no-sidebar","site-content-layout":"","ast-site-content-layout":"full-width-container","site-content-style":"default","site-sidebar-style":"default","ast-global-header-display":"","ast-banner-title-visibility":"","ast-main-header-display":"","ast-hfb-above-header-display":"","ast-hfb-below-header-display":"","ast-hfb-mobile-header-display":"","site-post-title":"disabled","ast-breadcrumbs-content":"","ast-featured-img":"disabled","footer-sml-layout":"","theme-transparent-header-meta":"","adv-header-id-meta":"","stick-header-meta":"","header-above-stick-meta":"","header-main-stick-meta":"","header-below-stick-meta":"","astra-migrate-meta-layouts":"default","ast-page-background-enabled":"default","ast-page-background-meta":{"desktop":{"background-color":"var(--ast-global-color-5)","background-image":"","background-repeat":"repeat","background-position":"center center","background-size":"auto","background-attachment":"scroll","background-type":"","background-media":"","overlay-type":"","overlay-color":"","overlay-opacity":"","overlay-gradient":""},"tablet":{"background-color":"","background-image":"","background-repeat":"repeat","background-position":"center center","background-size":"auto","background-attachment":"scroll","background-type":"","background-media":"","overlay-type":"","overlay-color":"","overlay-opacity":"","overlay-gradient":""},"mobile":{"background-color":"","background-image":"","background-repeat":"repeat","background-position":"center center","background-size":"auto","background-attachment":"scroll","background-type":"","background-media":"","overlay-type":"","overlay-color":"","overlay-opacity":"","overlay-gradient":""}},"ast-content-background-meta":{"desktop":{"background-color":"var(--ast-global-color-4)","background-image":"","background-repeat":"repeat","background-position":"center center","background-size":"auto","background-attachment":"scroll","background-type":"","background-media":"","overlay-type":"","overlay-color":"","overlay-opacity":"","overlay-gradient":""},"tablet":{"background-color":"var(--ast-global-color-4)","background-image":"","background-repeat":"repeat","background-position":"center center","background-size":"auto","background-attachment":"scroll","background-type":"","background-media":"","overlay-type":"","overlay-color":"","overlay-opacity":"","overlay-gradient":""},"mobile":{"background-color":"var(--ast-global-color-4)","background-image":"","background-repeat":"repeat","background-position":"center center","background-size":"auto","background-attachment":"scroll","background-type":"","background-media":"","overlay-type":"","overlay-color":"","overlay-opacity":"","overlay-gradient":""}},"footnotes":""},"class_list":["post-672","page","type-page","status-publish","hentry"],"yoast_head":"<!-- This site is optimized with the Yoast SEO plugin v26.0 - https:\/\/yoast.com\/wordpress\/plugins\/seo\/ -->\n<title>Nouha Senhaji Rhazi -<\/title>\n<meta name=\"robots\" content=\"index, follow, max-snippet:-1, max-image-preview:large, max-video-preview:-1\" \/>\n<link rel=\"canonical\" href=\"https:\/\/tangerfashionweek.com\/index.php\/nouha-senhaji-rhazi\/\" \/>\n<meta property=\"og:locale\" content=\"fr_FR\" \/>\n<meta property=\"og:type\" content=\"article\" \/>\n<meta property=\"og:title\" content=\"Nouha Senhaji Rhazi -\" \/>\n<meta property=\"og:description\" content=\"Nos Designers &gt; Nouha Senhaji Rhazi &#8211; Academie de mode casablanca Nouha Senhaji Rhazi &#8211; Academie de mode casablanca Maroc [&hellip;]\" \/>\n<meta property=\"og:url\" content=\"https:\/\/tangerfashionweek.com\/index.php\/nouha-senhaji-rhazi\/\" \/>\n<meta property=\"article:modified_time\" content=\"2025-10-03T12:07:24+00:00\" \/>\n<meta property=\"og:image\" content=\"https:\/\/tangerfashionweek.com\/wp-content\/uploads\/2025\/10\/Academie-de-mode-Casablanca.png\" \/>\n\t<meta property=\"og:image:width\" content=\"1000\" \/>\n\t<meta property=\"og:image:height\" content=\"1000\" \/>\n\t<meta property=\"og:image:type\" content=\"image\/png\" \/>\n<meta name=\"twitter:card\" content=\"summary_large_image\" \/>\n<meta name=\"twitter:label1\" content=\"Dur\u00e9e de lecture estim\u00e9e\" \/>\n\t<meta name=\"twitter:data1\" content=\"2 minutes\" \/>\n<script type=\"application\/ld+json\" class=\"yoast-schema-graph\">{\"@context\":\"https:\/\/schema.org\",\"@graph\":[{\"@type\":\"WebPage\",\"@id\":\"https:\/\/tangerfashionweek.com\/index.php\/nouha-senhaji-rhazi\/\",\"url\":\"https:\/\/tangerfashionweek.com\/index.php\/nouha-senhaji-rhazi\/\",\"name\":\"Nouha Senhaji Rhazi -\",\"isPartOf\":{\"@id\":\"https:\/\/tangerfashionweek.com\/#website\"},\"primaryImageOfPage\":{\"@id\":\"https:\/\/tangerfashionweek.com\/index.php\/nouha-senhaji-rhazi\/#primaryimage\"},\"image\":{\"@id\":\"https:\/\/tangerfashionweek.com\/index.php\/nouha-senhaji-rhazi\/#primaryimage\"},\"thumbnailUrl\":\"https:\/\/tangerfashionweek.com\/wp-content\/uploads\/2025\/10\/Academie-de-mode-Casablanca-150x150.png\",\"datePublished\":\"2025-10-03T12:06:11+00:00\",\"dateModified\":\"2025-10-03T12:07:24+00:00\",\"breadcrumb\":{\"@id\":\"https:\/\/tangerfashionweek.com\/index.php\/nouha-senhaji-rhazi\/#breadcrumb\"},\"inLanguage\":\"fr-FR\",\"potentialAction\":[{\"@type\":\"ReadAction\",\"target\":[\"https:\/\/tangerfashionweek.com\/index.php\/nouha-senhaji-rhazi\/\"]}]},{\"@type\":\"ImageObject\",\"inLanguage\":\"fr-FR\",\"@id\":\"https:\/\/tangerfashionweek.com\/index.php\/nouha-senhaji-rhazi\/#primaryimage\",\"url\":\"https:\/\/tangerfashionweek.com\/wp-content\/uploads\/2025\/10\/Academie-de-mode-Casablanca.png\",\"contentUrl\":\"https:\/\/tangerfashionweek.com\/wp-content\/uploads\/2025\/10\/Academie-de-mode-Casablanca.png\",\"width\":1000,\"height\":1000},{\"@type\":\"BreadcrumbList\",\"@id\":\"https:\/\/tangerfashionweek.com\/index.php\/nouha-senhaji-rhazi\/#breadcrumb\",\"itemListElement\":[{\"@type\":\"ListItem\",\"position\":1,\"name\":\"Accueil\",\"item\":\"https:\/\/tangerfashionweek.com\/\"},{\"@type\":\"ListItem\",\"position\":2,\"name\":\"Nouha Senhaji Rhazi\"}]},{\"@type\":\"WebSite\",\"@id\":\"https:\/\/tangerfashionweek.com\/#website\",\"url\":\"https:\/\/tangerfashionweek.com\/\",\"name\":\"\",\"description\":\"\",\"potentialAction\":[{\"@type\":\"SearchAction\",\"target\":{\"@type\":\"EntryPoint\",\"urlTemplate\":\"https:\/\/tangerfashionweek.com\/?s={search_term_string}\"},\"query-input\":{\"@type\":\"PropertyValueSpecification\",\"valueRequired\":true,\"valueName\":\"search_term_string\"}}],\"inLanguage\":\"fr-FR\"}]}<\/script>\n<!-- \/ Yoast SEO plugin. -->","yoast_head_json":{"title":"Nouha Senhaji Rhazi -","robots":{"index":"index","follow":"follow","max-snippet":"max-snippet:-1","max-image-preview":"max-image-preview:large","max-video-preview":"max-video-preview:-1"},"canonical":"https:\/\/tangerfashionweek.com\/index.php\/nouha-senhaji-rhazi\/","og_locale":"fr_FR","og_type":"article","og_title":"Nouha Senhaji Rhazi -","og_description":"Nos Designers &gt; Nouha Senhaji Rhazi &#8211; Academie de mode casablanca Nouha Senhaji Rhazi &#8211; Academie de mode casablanca Maroc [&hellip;]","og_url":"https:\/\/tangerfashionweek.com\/index.php\/nouha-senhaji-rhazi\/","article_modified_time":"2025-10-03T12:07:24+00:00","og_image":[{"width":1000,"height":1000,"url":"https:\/\/tangerfashionweek.com\/wp-content\/uploads\/2025\/10\/Academie-de-mode-Casablanca.png","type":"image\/png"}],"twitter_card":"summary_large_image","twitter_misc":{"Dur\u00e9e de lecture estim\u00e9e":"2 minutes"},"schema":{"@context":"https:\/\/schema.org","@graph":[{"@type":"WebPage","@id":"https:\/\/tangerfashionweek.com\/index.php\/nouha-senhaji-rhazi\/","url":"https:\/\/tangerfashionweek.com\/index.php\/nouha-senhaji-rhazi\/","name":"Nouha Senhaji Rhazi -","isPartOf":{"@id":"https:\/\/tangerfashionweek.com\/#website"},"primaryImageOfPage":{"@id":"https:\/\/tangerfashionweek.com\/index.php\/nouha-senhaji-rhazi\/#primaryimage"},"image":{"@id":"https:\/\/tangerfashionweek.com\/index.php\/nouha-senhaji-rhazi\/#primaryimage"},"thumbnailUrl":"https:\/\/tangerfashionweek.com\/wp-content\/uploads\/2025\/10\/Academie-de-mode-Casablanca-150x150.png","datePublished":"2025-10-03T12:06:11+00:00","dateModified":"2025-10-03T12:07:24+00:00","breadcrumb":{"@id":"https:\/\/tangerfashionweek.com\/index.php\/nouha-senhaji-rhazi\/#breadcrumb"},"inLanguage":"fr-FR","potentialAction":[{"@type":"ReadAction","target":["https:\/\/tangerfashionweek.com\/index.php\/nouha-senhaji-rhazi\/"]}]},{"@type":"ImageObject","inLanguage":"fr-FR","@id":"https:\/\/tangerfashionweek.com\/index.php\/nouha-senhaji-rhazi\/#primaryimage","url":"https:\/\/tangerfashionweek.com\/wp-content\/uploads\/2025\/10\/Academie-de-mode-Casablanca.png","contentUrl":"https:\/\/tangerfashionweek.com\/wp-content\/uploads\/2025\/10\/Academie-de-mode-Casablanca.png","width":1000,"height":1000},{"@type":"BreadcrumbList","@id":"https:\/\/tangerfashionweek.com\/index.php\/nouha-senhaji-rhazi\/#breadcrumb","itemListElement":[{"@type":"ListItem","position":1,"name":"Accueil","item":"https:\/\/tangerfashionweek.com\/"},{"@type":"ListItem","position":2,"name":"Nouha Senhaji Rhazi"}]},{"@type":"WebSite","@id":"https:\/\/tangerfashionweek.com\/#website","url":"https:\/\/tangerfashionweek.com\/","name":"","description":"","potentialAction":[{"@type":"SearchAction","target":{"@type":"EntryPoint","urlTemplate":"https:\/\/tangerfashionweek.com\/?s={search_term_string}"},"query-input":{"@type":"PropertyValueSpecification","valueRequired":true,"valueName":"search_term_string"}}],"inLanguage":"fr-FR"}]}},"_links":{"self":[{"href":"https:\/\/tangerfashionweek.com\/index.php\/wp-json\/wp\/v2\/pages\/672","targetHints":{"allow":["GET"]}}],"collection":[{"href":"https:\/\/tangerfashionweek.com\/index.php\/wp-json\/wp\/v2\/pages"}],"about":[{"href":"https:\/\/tangerfashionweek.com\/index.php\/wp-json\/wp\/v2\/types\/page"}],"author":[{"embeddable":true,"href":"https:\/\/tangerfashionweek.com\/index.php\/wp-json\/wp\/v2\/users\/1"}],"replies":[{"embeddable":true,"href":"https:\/\/tangerfashionweek.com\/index.php\/wp-json\/wp\/v2\/comments?post=672"}],"version-history":[{"count":7,"href":"https:\/\/tangerfashionweek.com\/index.php\/wp-json\/wp\/v2\/pages\/672\/revisions"}],"predecessor-version":[{"id":680,"href":"https:\/\/tangerfashionweek.com\/index.php\/wp-json\/wp\/v2\/pages\/672\/revisions\/680"}],"wp:attachment":[{"href":"https:\/\/tangerfashionweek.com\/index.php\/wp-json\/wp\/v2\/media?parent=672"}],"curies":[{"name":"wp","href":"https:\/\/api.w.org\/{rel}","templated":true}]}}